{"id":1116,"date":"2026-04-22T02:16:13","date_gmt":"2026-04-22T00:16:13","guid":{"rendered":"https:\/\/www.marche-sn.com\/sofat\/?page_id=1116"},"modified":"2026-04-22T02:19:48","modified_gmt":"2026-04-22T00:19:48","slug":"nos-produits-phares","status":"publish","type":"page","link":"https:\/\/www.marche-sn.com\/sofat\/nos-produits-phares\/","title":{"rendered":"Nos produits phares"},"content":{"rendered":"\t\t<div data-elementor-type=\"wp-page\" data-elementor-id=\"1116\" class=\"elementor elementor-1116\">\n\t\t\t\t<div class=\"elementor-element elementor-element-42503370 e-flex e-con-boxed e-con e-parent\" data-id=\"42503370\" data-element_type=\"container\" data-e-type=\"container\">\n\t\t\t\t\t<div class=\"e-con-inner\">\n\t\t\t\t<div class=\"elementor-element elementor-element-c2a9f23 elementor-widget elementor-widget-etww-woo-products\" data-id=\"c2a9f23\" data-element_type=\"widget\" data-e-type=\"widget\" data-widget_type=\"etww-woo-products.default\">\n\t\t\t\t<div class=\"elementor-widget-container\">\n\t\t\t\t\t<div class=\"woocommerce columns-4\"><ul class=\"products columns-4\">\n<li class=\"product type-product post-24 status-publish first instock product_cat-sport-et-loisirs has-post-thumbnail featured shipping-taxable purchasable product-type-simple\">\n\t<a href=\"https:\/\/www.marche-sn.com\/sofat\/produit\/cheviellere\/\" class=\"woocommerce-LoopProduct-link woocommerce-loop-product__link\"><img fetchpriority=\"high\" decoding=\"async\" width=\"300\" height=\"450\" src=\"https:\/\/www.marche-sn.com\/sofat\/wp-content\/uploads\/sites\/2\/2019\/04\/1-300x450.jpeg\" class=\"attachment-woocommerce_thumbnail size-woocommerce_thumbnail\" alt=\"Chevi\u00e8llere\" \/><h2 class=\"woocommerce-loop-product__title\">Chevi\u00e8llere<\/h2>\n\t<span class=\"price\"><span class=\"woocommerce-Price-amount amount\"><bdi>4 000&nbsp;<span class=\"woocommerce-Price-currencySymbol\">CFA<\/span><\/bdi><\/span><\/span>\n<\/a><a href=\"\/sofat\/wp-json\/wp\/v2\/pages\/1116?add-to-cart=24\" aria-describedby=\"woocommerce_loop_add_to_cart_link_describedby_24\" data-quantity=\"1\" class=\"button product_type_simple add_to_cart_button ajax_add_to_cart\" data-product_id=\"24\" data-product_sku=\"\" aria-label=\"Ajouter au panier\u00a0: &ldquo;Chevi\u00e8llere&rdquo;\" rel=\"nofollow\" data-success_message=\"\u00ab\u00a0Chevi\u00e8llere\u00a0\u00bb a \u00e9t\u00e9 ajout\u00e9 \u00e0 votre panier\" role=\"button\">Ajouter au panier<\/a>\t<span id=\"woocommerce_loop_add_to_cart_link_describedby_24\" class=\"screen-reader-text\">\n\t\t\t<\/span>\n<\/li>\n<li class=\"product type-product post-23 status-publish instock product_cat-bijouxmontre has-post-thumbnail sale featured shipping-taxable purchasable product-type-simple\">\n\t<a href=\"https:\/\/www.marche-sn.com\/sofat\/produit\/une-parure-de-bijoux-elegante-et-assortie-pour-femme\/\" class=\"woocommerce-LoopProduct-link woocommerce-loop-product__link\">\n\t<span class=\"onsale\">Promo\u00a0!<\/span>\n\t<img decoding=\"async\" width=\"300\" height=\"450\" src=\"https:\/\/www.marche-sn.com\/sofat\/wp-content\/uploads\/sites\/2\/2019\/04\/photo_5787188455786875734_x-300x450.jpg\" class=\"attachment-woocommerce_thumbnail size-woocommerce_thumbnail\" alt=\"Parure de bijoux \u00e9l\u00e9gante et assortie pour femme\" \/><h2 class=\"woocommerce-loop-product__title\">Parure de bijoux \u00e9l\u00e9gante et assortie pour femme<\/h2>\n\t<span class=\"price\"><del aria-hidden=\"true\"><span class=\"woocommerce-Price-amount amount\"><bdi>5 500&nbsp;<span class=\"woocommerce-Price-currencySymbol\">CFA<\/span><\/bdi><\/span><\/del> <span class=\"screen-reader-text\">Le prix initial \u00e9tait\u00a0: 5 500&nbsp;CFA.<\/span><ins aria-hidden=\"true\"><span class=\"woocommerce-Price-amount amount\"><bdi>4 500&nbsp;<span class=\"woocommerce-Price-currencySymbol\">CFA<\/span><\/bdi><\/span><\/ins><span class=\"screen-reader-text\">Le prix actuel est\u00a0: 4 500&nbsp;CFA.<\/span><\/span>\n<\/a><a href=\"\/sofat\/wp-json\/wp\/v2\/pages\/1116?add-to-cart=23\" aria-describedby=\"woocommerce_loop_add_to_cart_link_describedby_23\" data-quantity=\"1\" class=\"button product_type_simple add_to_cart_button ajax_add_to_cart\" data-product_id=\"23\" data-product_sku=\"\" aria-label=\"Ajouter au panier\u00a0: &ldquo;Parure de bijoux \u00e9l\u00e9gante et assortie pour femme&rdquo;\" rel=\"nofollow\" data-success_message=\"\u00ab\u00a0Parure de bijoux \u00e9l\u00e9gante et assortie pour femme\u00a0\u00bb a \u00e9t\u00e9 ajout\u00e9 \u00e0 votre panier\" role=\"button\">Ajouter au panier<\/a>\t<span id=\"woocommerce_loop_add_to_cart_link_describedby_23\" class=\"screen-reader-text\">\n\t\t\t<\/span>\n<\/li>\n<li class=\"product type-product post-20 status-publish instock product_cat-sport-et-loisirs has-post-thumbnail sale featured shipping-taxable purchasable product-type-simple\">\n\t<a href=\"https:\/\/www.marche-sn.com\/sofat\/produit\/attelle-protege-poignet-orthopedique\/\" class=\"woocommerce-LoopProduct-link woocommerce-loop-product__link\">\n\t<span class=\"onsale\">Promo\u00a0!<\/span>\n\t<img decoding=\"async\" width=\"300\" height=\"450\" src=\"https:\/\/www.marche-sn.com\/sofat\/wp-content\/uploads\/sites\/2\/2025\/12\/WhatsApp-Image-2025-11-02-at-20.44.18-300x450.jpeg\" class=\"attachment-woocommerce_thumbnail size-woocommerce_thumbnail\" alt=\"Attelle: Prot\u00e8ge-Poignet Orthop\u00e9dique\" \/><h2 class=\"woocommerce-loop-product__title\">Attelle: Prot\u00e8ge-Poignet Orthop\u00e9dique<\/h2>\n\t<span class=\"price\"><del aria-hidden=\"true\"><span class=\"woocommerce-Price-amount amount\"><bdi>5 000&nbsp;<span class=\"woocommerce-Price-currencySymbol\">CFA<\/span><\/bdi><\/span><\/del> <span class=\"screen-reader-text\">Le prix initial \u00e9tait\u00a0: 5 000&nbsp;CFA.<\/span><ins aria-hidden=\"true\"><span class=\"woocommerce-Price-amount amount\"><bdi>4 000&nbsp;<span class=\"woocommerce-Price-currencySymbol\">CFA<\/span><\/bdi><\/span><\/ins><span class=\"screen-reader-text\">Le prix actuel est\u00a0: 4 000&nbsp;CFA.<\/span><\/span>\n<\/a><a href=\"\/sofat\/wp-json\/wp\/v2\/pages\/1116?add-to-cart=20\" aria-describedby=\"woocommerce_loop_add_to_cart_link_describedby_20\" data-quantity=\"1\" class=\"button product_type_simple add_to_cart_button ajax_add_to_cart\" data-product_id=\"20\" data-product_sku=\"woo-single\" aria-label=\"Ajouter au panier\u00a0: &ldquo;Attelle: Prot\u00e8ge-Poignet Orthop\u00e9dique&rdquo;\" rel=\"nofollow\" data-success_message=\"\u00ab\u00a0Attelle: Prot\u00e8ge-Poignet Orthop\u00e9dique\u00a0\u00bb a \u00e9t\u00e9 ajout\u00e9 \u00e0 votre panier\" role=\"button\">Ajouter au panier<\/a>\t<span id=\"woocommerce_loop_add_to_cart_link_describedby_20\" class=\"screen-reader-text\">\n\t\t\t<\/span>\n<\/li>\n<li class=\"product type-product post-17 status-publish last instock product_cat-bijouxmontre has-post-thumbnail featured purchasable product-type-simple\">\n\t<a href=\"https:\/\/www.marche-sn.com\/sofat\/produit\/une-nouvelle-parure-de-bijoux-dores-scintillante-et-elegante\/\" class=\"woocommerce-LoopProduct-link woocommerce-loop-product__link\"><img loading=\"lazy\" decoding=\"async\" width=\"300\" height=\"450\" src=\"https:\/\/www.marche-sn.com\/sofat\/wp-content\/uploads\/sites\/2\/2025\/12\/WhatsApp-Image-2025-11-02-at-20.44.35-300x450.jpeg\" class=\"attachment-woocommerce_thumbnail size-woocommerce_thumbnail\" alt=\"parure de bijoux dor\u00e9s, scintillante et \u00e9l\u00e9gante\" \/><h2 class=\"woocommerce-loop-product__title\">parure de bijoux dor\u00e9s, scintillante et \u00e9l\u00e9gante<\/h2>\n\t<span class=\"price\"><span class=\"woocommerce-Price-amount amount\"><bdi>6 000&nbsp;<span class=\"woocommerce-Price-currencySymbol\">CFA<\/span><\/bdi><\/span><\/span>\n<\/a><a href=\"\/sofat\/wp-json\/wp\/v2\/pages\/1116?add-to-cart=17\" aria-describedby=\"woocommerce_loop_add_to_cart_link_describedby_17\" data-quantity=\"1\" class=\"button product_type_simple add_to_cart_button ajax_add_to_cart\" data-product_id=\"17\" data-product_sku=\"\" aria-label=\"Ajouter au panier\u00a0: &ldquo;parure de bijoux dor\u00e9s, scintillante et \u00e9l\u00e9gante&rdquo;\" rel=\"nofollow\" data-success_message=\"\u00ab\u00a0parure de bijoux dor\u00e9s, scintillante et \u00e9l\u00e9gante\u00a0\u00bb a \u00e9t\u00e9 ajout\u00e9 \u00e0 votre panier\" role=\"button\">Ajouter au panier<\/a>\t<span id=\"woocommerce_loop_add_to_cart_link_describedby_17\" class=\"screen-reader-text\">\n\t\t\t<\/span>\n<\/li>\n<\/ul>\n<\/div>\t\t\t\t<\/div>\n\t\t\t\t<\/div>\n\t\t\t\t\t<\/div>\n\t\t\t\t<\/div>\n\t\t\t\t<\/div>\n\t\t","protected":false},"excerpt":{"rendered":"<p>Chevi\u00e8llere 4 000&nbsp;CFA Ajouter au panier Parure de bijoux \u00e9l\u00e9gante et assortie pour femme 5 500&nbsp;CFA Ajouter au panier Attelle: Prot\u00e8ge-Poignet Orthop\u00e9dique 5 000&nbsp;CFA Ajouter au panier parure de bijoux dor\u00e9s, scintillante et \u00e9l\u00e9gante 6 000&nbsp;CFA Ajouter au panier<\/p>\n","protected":false},"author":1,"featured_media":0,"parent":0,"menu_order":0,"comment_status":"closed","ping_status":"closed","template":"","meta":{"_acf_changed":false,"footnotes":""},"class_list":["post-1116","page","type-page","status-publish","hentry"],"acf":[],"yoast_head":"<!-- This site is optimized with the Yoast SEO plugin v26.9 - https:\/\/yoast.com\/product\/yoast-seo-wordpress\/ -->\n<title>Sofat Store | Plus Proche de vos d\u00e9sirs!<\/title>\n<meta name=\"robots\" content=\"index, follow, max-snippet:-1, max-image-preview:large, max-video-preview:-1\" \/>\n<link rel=\"canonical\" href=\"https:\/\/www.marche-sn.com\/sofat\/nos-produits-phares\/\" \/>\n<meta property=\"og:locale\" content=\"fr_FR\" \/>\n<meta property=\"og:type\" content=\"article\" \/>\n<meta property=\"og:title\" content=\"Sofat Store | Plus Proche de vos d\u00e9sirs!\" \/>\n<meta property=\"og:description\" content=\"Chevi\u00e8llere 4 000&nbsp;CFA Ajouter au panier Parure de bijoux \u00e9l\u00e9gante et assortie pour femme 5 500&nbsp;CFA Ajouter au panier Attelle: Prot\u00e8ge-Poignet Orthop\u00e9dique 5 000&nbsp;CFA Ajouter au panier parure de bijoux dor\u00e9s, scintillante et \u00e9l\u00e9gante 6 000&nbsp;CFA Ajouter au panier\" \/>\n<meta property=\"og:url\" content=\"https:\/\/www.marche-sn.com\/sofat\/nos-produits-phares\/\" \/>\n<meta property=\"og:site_name\" content=\"Sofat Store\" \/>\n<meta property=\"article:modified_time\" content=\"2026-04-22T00:19:48+00:00\" \/>\n<meta property=\"og:image\" content=\"https:\/\/www.marche-sn.com\/sofat\/wp-content\/uploads\/sites\/2\/2019\/04\/1-300x450.jpeg\" \/>\n<meta name=\"twitter:card\" content=\"summary_large_image\" \/>\n<meta name=\"twitter:label1\" content=\"Dur\u00e9e de lecture estim\u00e9e\" \/>\n\t<meta name=\"twitter:data1\" content=\"2 minutes\" \/>\n<script type=\"application\/ld+json\" class=\"yoast-schema-graph\">{\"@context\":\"https:\/\/schema.org\",\"@graph\":[{\"@type\":\"WebPage\",\"@id\":\"https:\/\/www.marche-sn.com\/sofat\/nos-produits-phares\/\",\"url\":\"https:\/\/www.marche-sn.com\/sofat\/nos-produits-phares\/\",\"name\":\"Sofat Store | Plus Proche de vos d\u00e9sirs!\",\"isPartOf\":{\"@id\":\"https:\/\/www.marche-sn.com\/sofat\/#website\"},\"primaryImageOfPage\":{\"@id\":\"https:\/\/www.marche-sn.com\/sofat\/nos-produits-phares\/#primaryimage\"},\"image\":{\"@id\":\"https:\/\/www.marche-sn.com\/sofat\/nos-produits-phares\/#primaryimage\"},\"thumbnailUrl\":\"https:\/\/www.marche-sn.com\/sofat\/wp-content\/uploads\/sites\/2\/2019\/04\/1-300x450.jpeg\",\"datePublished\":\"2026-04-22T00:16:13+00:00\",\"dateModified\":\"2026-04-22T00:19:48+00:00\",\"breadcrumb\":{\"@id\":\"https:\/\/www.marche-sn.com\/sofat\/nos-produits-phares\/#breadcrumb\"},\"inLanguage\":\"fr-FR\",\"potentialAction\":[{\"@type\":\"ReadAction\",\"target\":[\"https:\/\/www.marche-sn.com\/sofat\/nos-produits-phares\/\"]}]},{\"@type\":\"ImageObject\",\"inLanguage\":\"fr-FR\",\"@id\":\"https:\/\/www.marche-sn.com\/sofat\/nos-produits-phares\/#primaryimage\",\"url\":\"https:\/\/www.marche-sn.com\/sofat\/wp-content\/uploads\/sites\/2\/2019\/04\/1-300x450.jpeg\",\"contentUrl\":\"https:\/\/www.marche-sn.com\/sofat\/wp-content\/uploads\/sites\/2\/2019\/04\/1-300x450.jpeg\"},{\"@type\":\"BreadcrumbList\",\"@id\":\"https:\/\/www.marche-sn.com\/sofat\/nos-produits-phares\/#breadcrumb\",\"itemListElement\":[{\"@type\":\"ListItem\",\"position\":1,\"name\":\"Accueil\",\"item\":\"https:\/\/www.marche-sn.com\/sofat\/\"},{\"@type\":\"ListItem\",\"position\":2,\"name\":\"Nos produits phares\"}]},{\"@type\":\"WebSite\",\"@id\":\"https:\/\/www.marche-sn.com\/sofat\/#website\",\"url\":\"https:\/\/www.marche-sn.com\/sofat\/\",\"name\":\"Sofat Store\",\"description\":\"Plus proche de vos d\u00e9sirs!\",\"publisher\":{\"@id\":\"https:\/\/www.marche-sn.com\/sofat\/#organization\"},\"potentialAction\":[{\"@type\":\"SearchAction\",\"target\":{\"@type\":\"EntryPoint\",\"urlTemplate\":\"https:\/\/www.marche-sn.com\/sofat\/?s={search_term_string}\"},\"query-input\":{\"@type\":\"PropertyValueSpecification\",\"valueRequired\":true,\"valueName\":\"search_term_string\"}}],\"inLanguage\":\"fr-FR\"},{\"@type\":\"Organization\",\"@id\":\"https:\/\/www.marche-sn.com\/sofat\/#organization\",\"name\":\"Sofat Store\",\"url\":\"https:\/\/www.marche-sn.com\/sofat\/\",\"logo\":{\"@type\":\"ImageObject\",\"inLanguage\":\"fr-FR\",\"@id\":\"https:\/\/www.marche-sn.com\/sofat\/#\/schema\/logo\/image\/\",\"url\":\"https:\/\/www.marche-sn.com\/sofat\/wp-content\/uploads\/sites\/2\/2026\/02\/cropped-logo-sofat.fw_-1.png\",\"contentUrl\":\"https:\/\/www.marche-sn.com\/sofat\/wp-content\/uploads\/sites\/2\/2026\/02\/cropped-logo-sofat.fw_-1.png\",\"width\":500,\"height\":150,\"caption\":\"Sofat Store\"},\"image\":{\"@id\":\"https:\/\/www.marche-sn.com\/sofat\/#\/schema\/logo\/image\/\"}}]}<\/script>\n<!-- \/ Yoast SEO plugin. -->","yoast_head_json":{"title":"Sofat Store | Plus Proche de vos d\u00e9sirs!","robots":{"index":"index","follow":"follow","max-snippet":"max-snippet:-1","max-image-preview":"max-image-preview:large","max-video-preview":"max-video-preview:-1"},"canonical":"https:\/\/www.marche-sn.com\/sofat\/nos-produits-phares\/","og_locale":"fr_FR","og_type":"article","og_title":"Sofat Store | Plus Proche de vos d\u00e9sirs!","og_description":"Chevi\u00e8llere 4 000&nbsp;CFA Ajouter au panier Parure de bijoux \u00e9l\u00e9gante et assortie pour femme 5 500&nbsp;CFA Ajouter au panier Attelle: Prot\u00e8ge-Poignet Orthop\u00e9dique 5 000&nbsp;CFA Ajouter au panier parure de bijoux dor\u00e9s, scintillante et \u00e9l\u00e9gante 6 000&nbsp;CFA Ajouter au panier","og_url":"https:\/\/www.marche-sn.com\/sofat\/nos-produits-phares\/","og_site_name":"Sofat Store","article_modified_time":"2026-04-22T00:19:48+00:00","og_image":[{"url":"https:\/\/www.marche-sn.com\/sofat\/wp-content\/uploads\/sites\/2\/2019\/04\/1-300x450.jpeg","type":"","width":"","height":""}],"twitter_card":"summary_large_image","twitter_misc":{"Dur\u00e9e de lecture estim\u00e9e":"2 minutes"},"schema":{"@context":"https:\/\/schema.org","@graph":[{"@type":"WebPage","@id":"https:\/\/www.marche-sn.com\/sofat\/nos-produits-phares\/","url":"https:\/\/www.marche-sn.com\/sofat\/nos-produits-phares\/","name":"Sofat Store | Plus Proche de vos d\u00e9sirs!","isPartOf":{"@id":"https:\/\/www.marche-sn.com\/sofat\/#website"},"primaryImageOfPage":{"@id":"https:\/\/www.marche-sn.com\/sofat\/nos-produits-phares\/#primaryimage"},"image":{"@id":"https:\/\/www.marche-sn.com\/sofat\/nos-produits-phares\/#primaryimage"},"thumbnailUrl":"https:\/\/www.marche-sn.com\/sofat\/wp-content\/uploads\/sites\/2\/2019\/04\/1-300x450.jpeg","datePublished":"2026-04-22T00:16:13+00:00","dateModified":"2026-04-22T00:19:48+00:00","breadcrumb":{"@id":"https:\/\/www.marche-sn.com\/sofat\/nos-produits-phares\/#breadcrumb"},"inLanguage":"fr-FR","potentialAction":[{"@type":"ReadAction","target":["https:\/\/www.marche-sn.com\/sofat\/nos-produits-phares\/"]}]},{"@type":"ImageObject","inLanguage":"fr-FR","@id":"https:\/\/www.marche-sn.com\/sofat\/nos-produits-phares\/#primaryimage","url":"https:\/\/www.marche-sn.com\/sofat\/wp-content\/uploads\/sites\/2\/2019\/04\/1-300x450.jpeg","contentUrl":"https:\/\/www.marche-sn.com\/sofat\/wp-content\/uploads\/sites\/2\/2019\/04\/1-300x450.jpeg"},{"@type":"BreadcrumbList","@id":"https:\/\/www.marche-sn.com\/sofat\/nos-produits-phares\/#breadcrumb","itemListElement":[{"@type":"ListItem","position":1,"name":"Accueil","item":"https:\/\/www.marche-sn.com\/sofat\/"},{"@type":"ListItem","position":2,"name":"Nos produits phares"}]},{"@type":"WebSite","@id":"https:\/\/www.marche-sn.com\/sofat\/#website","url":"https:\/\/www.marche-sn.com\/sofat\/","name":"Sofat Store","description":"Plus proche de vos d\u00e9sirs!","publisher":{"@id":"https:\/\/www.marche-sn.com\/sofat\/#organization"},"potentialAction":[{"@type":"SearchAction","target":{"@type":"EntryPoint","urlTemplate":"https:\/\/www.marche-sn.com\/sofat\/?s={search_term_string}"},"query-input":{"@type":"PropertyValueSpecification","valueRequired":true,"valueName":"search_term_string"}}],"inLanguage":"fr-FR"},{"@type":"Organization","@id":"https:\/\/www.marche-sn.com\/sofat\/#organization","name":"Sofat Store","url":"https:\/\/www.marche-sn.com\/sofat\/","logo":{"@type":"ImageObject","inLanguage":"fr-FR","@id":"https:\/\/www.marche-sn.com\/sofat\/#\/schema\/logo\/image\/","url":"https:\/\/www.marche-sn.com\/sofat\/wp-content\/uploads\/sites\/2\/2026\/02\/cropped-logo-sofat.fw_-1.png","contentUrl":"https:\/\/www.marche-sn.com\/sofat\/wp-content\/uploads\/sites\/2\/2026\/02\/cropped-logo-sofat.fw_-1.png","width":500,"height":150,"caption":"Sofat Store"},"image":{"@id":"https:\/\/www.marche-sn.com\/sofat\/#\/schema\/logo\/image\/"}}]}},"jetpack_sharing_enabled":true,"_links":{"self":[{"href":"https:\/\/www.marche-sn.com\/sofat\/wp-json\/wp\/v2\/pages\/1116","targetHints":{"allow":["GET"]}}],"collection":[{"href":"https:\/\/www.marche-sn.com\/sofat\/wp-json\/wp\/v2\/pages"}],"about":[{"href":"https:\/\/www.marche-sn.com\/sofat\/wp-json\/wp\/v2\/types\/page"}],"author":[{"embeddable":true,"href":"https:\/\/www.marche-sn.com\/sofat\/wp-json\/wp\/v2\/users\/1"}],"replies":[{"embeddable":true,"href":"https:\/\/www.marche-sn.com\/sofat\/wp-json\/wp\/v2\/comments?post=1116"}],"version-history":[{"count":4,"href":"https:\/\/www.marche-sn.com\/sofat\/wp-json\/wp\/v2\/pages\/1116\/revisions"}],"predecessor-version":[{"id":1117,"href":"https:\/\/www.marche-sn.com\/sofat\/wp-json\/wp\/v2\/pages\/1116\/revisions\/1117"}],"wp:attachment":[{"href":"https:\/\/www.marche-sn.com\/sofat\/wp-json\/wp\/v2\/media?parent=1116"}],"curies":[{"name":"wp","href":"https:\/\/api.w.org\/{rel}","templated":true}]}}