{"id":19,"date":"2026-01-18T11:08:43","date_gmt":"2026-01-18T10:08:43","guid":{"rendered":"https:\/\/envothemes.com\/envo-ecommerce\/product\/import-placeholder-for-49\/"},"modified":"2026-03-21T00:02:03","modified_gmt":"2026-03-20T23:02:03","slug":"parure-homme-eagle-gold-coffret-3-pieces","status":"publish","type":"product","link":"https:\/\/www.marche-sn.com\/clone1\/produit\/parure-homme-eagle-gold-coffret-3-pieces\/","title":{"rendered":"Parure Homme &#8220;Eagle Gold&#8221; (Coffret 3 Pi\u00e8ces)"},"content":{"rendered":"<h3 data-path-to-node=\"2\">\ud83e\udd85 Parure Homme &#8220;Eagle Gold&#8221; (Coffret 3 Pi\u00e8ces)<\/h3>\n<p data-path-to-node=\"3\">Un ensemble de caract\u00e8re pour un style affirm\u00e9 et audacieux.<\/p>\n<ul data-path-to-node=\"4\">\n<li>\n<p data-path-to-node=\"4,0,0\"><b data-path-to-node=\"4,0,0\" data-index-in-node=\"0\">La Montre :<\/b> Un chronographe imposant tout en acier dor\u00e9 avec un cadran noir sophistiqu\u00e9. Elle dispose d&#8217;une lunette tachym\u00e9trique pour un look sportif et \u00e9l\u00e9gant.<\/p>\n<\/li>\n<li>\n<p data-path-to-node=\"4,1,0\"><b data-path-to-node=\"4,1,0\" data-index-in-node=\"0\">Le Collier :<\/b> Une cha\u00eene dor\u00e9e robuste portant un pendentif majestueux en forme d&#8217;aigle aux ailes d\u00e9ploy\u00e9es, symbole de force et de libert\u00e9.<\/p>\n<\/li>\n<li>\n<p data-path-to-node=\"4,2,0\"><b data-path-to-node=\"4,2,0\" data-index-in-node=\"0\">Le Gourmet :<\/b> Un bracelet \u00e0 mailles gourmettes larges et brillantes, compl\u00e9tant parfaitement le set.<\/p>\n<\/li>\n<\/ul>\n","protected":false},"excerpt":{"rendered":"<p><b data-path-to-node=\"1\" data-index-in-node=\"0\">Parure Homme &#8220;Eagle Gold&#8221; (3 Pi\u00e8ces)<\/b><\/p>\n<p>Un ensemble de caract\u00e8re alliant prestige et audace. Il comprend une montre chronographe robuste au cadran noir et finition dor\u00e9e, accompagn\u00e9e d&#8217;un bracelet \u00e0 mailles gourmettes et d&#8217;un collier orn\u00e9 d&#8217;un pendentif aigle majestueux. Le choix parfait pour l&#8217;homme qui veut affirmer son style avec \u00e9l\u00e9gance.<\/p>\n","protected":false},"featured_media":591,"comment_status":"open","ping_status":"closed","template":"","meta":{"_acf_changed":false},"product_brand":[],"product_cat":[27],"product_tag":[],"class_list":{"0":"post-19","1":"product","2":"type-product","3":"status-publish","4":"has-post-thumbnail","6":"product_cat-bijouxmontre","8":"first","9":"instock","10":"shipping-taxable","11":"purchasable","12":"product-type-simple"},"acf":[],"yoast_head":"<!-- This site is optimized with the Yoast SEO plugin v26.9 - https:\/\/yoast.com\/product\/yoast-seo-wordpress\/ -->\n<title>Parure Homme &quot;Eagle Gold&quot; (Coffret 3 Pi\u00e8ces) - CLONE Modele 1<\/title>\n<meta name=\"robots\" content=\"index, follow, max-snippet:-1, max-image-preview:large, max-video-preview:-1\" \/>\n<link rel=\"canonical\" href=\"https:\/\/www.marche-sn.com\/clone1\/produit\/parure-homme-eagle-gold-coffret-3-pieces\/\" \/>\n<meta property=\"og:locale\" content=\"fr_FR\" \/>\n<meta property=\"og:type\" content=\"article\" \/>\n<meta property=\"og:title\" content=\"Parure Homme &quot;Eagle Gold&quot; (Coffret 3 Pi\u00e8ces) - CLONE Modele 1\" \/>\n<meta property=\"og:description\" content=\"Parure Homme &quot;Eagle Gold&quot; (3 Pi\u00e8ces)  Un ensemble de caract\u00e8re alliant prestige et audace. Il comprend une montre chronographe robuste au cadran noir et finition dor\u00e9e, accompagn\u00e9e d&#039;un bracelet \u00e0 mailles gourmettes et d&#039;un collier orn\u00e9 d&#039;un pendentif aigle majestueux. Le choix parfait pour l&#039;homme qui veut affirmer son style avec \u00e9l\u00e9gance.\" \/>\n<meta property=\"og:url\" content=\"https:\/\/www.marche-sn.com\/clone1\/produit\/parure-homme-eagle-gold-coffret-3-pieces\/\" \/>\n<meta property=\"og:site_name\" content=\"CLONE Modele 1\" \/>\n<meta property=\"article:modified_time\" content=\"2026-03-20T23:02:03+00:00\" \/>\n<meta property=\"og:image\" content=\"https:\/\/www.marche-sn.com\/clone1\/wp-content\/uploads\/sites\/17\/2025\/12\/WhatsApp-Image-2025-11-02-at-20.44.33.jpeg\" \/>\n\t<meta property=\"og:image:width\" content=\"1080\" \/>\n\t<meta property=\"og:image:height\" content=\"1080\" \/>\n\t<meta property=\"og:image:type\" content=\"image\/jpeg\" \/>\n<meta name=\"twitter:card\" content=\"summary_large_image\" \/>\n<meta name=\"twitter:label1\" content=\"Dur\u00e9e de lecture estim\u00e9e\" \/>\n\t<meta name=\"twitter:data1\" content=\"1 minute\" \/>\n<script type=\"application\/ld+json\" class=\"yoast-schema-graph\">{\"@context\":\"https:\/\/schema.org\",\"@graph\":[{\"@type\":\"WebPage\",\"@id\":\"https:\/\/www.marche-sn.com\/clone1\/produit\/parure-homme-eagle-gold-coffret-3-pieces\/\",\"url\":\"https:\/\/www.marche-sn.com\/clone1\/produit\/parure-homme-eagle-gold-coffret-3-pieces\/\",\"name\":\"Parure Homme \\\"Eagle Gold\\\" (Coffret 3 Pi\u00e8ces) - CLONE Modele 1\",\"isPartOf\":{\"@id\":\"https:\/\/www.marche-sn.com\/clone1\/#website\"},\"primaryImageOfPage\":{\"@id\":\"https:\/\/www.marche-sn.com\/clone1\/produit\/parure-homme-eagle-gold-coffret-3-pieces\/#primaryimage\"},\"image\":{\"@id\":\"https:\/\/www.marche-sn.com\/clone1\/produit\/parure-homme-eagle-gold-coffret-3-pieces\/#primaryimage\"},\"thumbnailUrl\":\"https:\/\/www.marche-sn.com\/clone1\/wp-content\/uploads\/sites\/17\/2025\/12\/WhatsApp-Image-2025-11-02-at-20.44.33.jpeg\",\"datePublished\":\"2026-01-18T10:08:43+00:00\",\"dateModified\":\"2026-03-20T23:02:03+00:00\",\"breadcrumb\":{\"@id\":\"https:\/\/www.marche-sn.com\/clone1\/produit\/parure-homme-eagle-gold-coffret-3-pieces\/#breadcrumb\"},\"inLanguage\":\"fr-FR\",\"potentialAction\":[{\"@type\":\"ReadAction\",\"target\":[\"https:\/\/www.marche-sn.com\/clone1\/produit\/parure-homme-eagle-gold-coffret-3-pieces\/\"]}]},{\"@type\":\"ImageObject\",\"inLanguage\":\"fr-FR\",\"@id\":\"https:\/\/www.marche-sn.com\/clone1\/produit\/parure-homme-eagle-gold-coffret-3-pieces\/#primaryimage\",\"url\":\"https:\/\/www.marche-sn.com\/clone1\/wp-content\/uploads\/sites\/17\/2025\/12\/WhatsApp-Image-2025-11-02-at-20.44.33.jpeg\",\"contentUrl\":\"https:\/\/www.marche-sn.com\/clone1\/wp-content\/uploads\/sites\/17\/2025\/12\/WhatsApp-Image-2025-11-02-at-20.44.33.jpeg\",\"width\":1080,\"height\":1080},{\"@type\":\"BreadcrumbList\",\"@id\":\"https:\/\/www.marche-sn.com\/clone1\/produit\/parure-homme-eagle-gold-coffret-3-pieces\/#breadcrumb\",\"itemListElement\":[{\"@type\":\"ListItem\",\"position\":1,\"name\":\"Accueil\",\"item\":\"https:\/\/www.marche-sn.com\/clone1\/\"},{\"@type\":\"ListItem\",\"position\":2,\"name\":\"Shop\",\"item\":\"https:\/\/www.marche-sn.com\/clone1\/shop\/\"},{\"@type\":\"ListItem\",\"position\":3,\"name\":\"Parure Homme &#8220;Eagle Gold&#8221; (Coffret 3 Pi\u00e8ces)\"}]},{\"@type\":\"WebSite\",\"@id\":\"https:\/\/www.marche-sn.com\/clone1\/#website\",\"url\":\"https:\/\/www.marche-sn.com\/clone1\/\",\"name\":\"CLONE Modele 1\",\"description\":\"Plus proche de vos d\u00e9sirs!\",\"publisher\":{\"@id\":\"https:\/\/www.marche-sn.com\/clone1\/#organization\"},\"potentialAction\":[{\"@type\":\"SearchAction\",\"target\":{\"@type\":\"EntryPoint\",\"urlTemplate\":\"https:\/\/www.marche-sn.com\/clone1\/?s={search_term_string}\"},\"query-input\":{\"@type\":\"PropertyValueSpecification\",\"valueRequired\":true,\"valueName\":\"search_term_string\"}}],\"inLanguage\":\"fr-FR\"},{\"@type\":\"Organization\",\"@id\":\"https:\/\/www.marche-sn.com\/clone1\/#organization\",\"name\":\"CLONE Modele 1\",\"url\":\"https:\/\/www.marche-sn.com\/clone1\/\",\"logo\":{\"@type\":\"ImageObject\",\"inLanguage\":\"fr-FR\",\"@id\":\"https:\/\/www.marche-sn.com\/clone1\/#\/schema\/logo\/image\/\",\"url\":\"https:\/\/www.marche-sn.com\/clone1\/wp-content\/uploads\/sites\/17\/2026\/02\/cropped-logo-sofat.fw_-1.png\",\"contentUrl\":\"https:\/\/www.marche-sn.com\/clone1\/wp-content\/uploads\/sites\/17\/2026\/02\/cropped-logo-sofat.fw_-1.png\",\"width\":500,\"height\":150,\"caption\":\"CLONE Modele 1 \"},\"image\":{\"@id\":\"https:\/\/www.marche-sn.com\/clone1\/#\/schema\/logo\/image\/\"}}]}<\/script>\n<!-- \/ Yoast SEO plugin. -->","yoast_head_json":{"title":"Parure Homme \"Eagle Gold\" (Coffret 3 Pi\u00e8ces) - CLONE Modele 1","robots":{"index":"index","follow":"follow","max-snippet":"max-snippet:-1","max-image-preview":"max-image-preview:large","max-video-preview":"max-video-preview:-1"},"canonical":"https:\/\/www.marche-sn.com\/clone1\/produit\/parure-homme-eagle-gold-coffret-3-pieces\/","og_locale":"fr_FR","og_type":"article","og_title":"Parure Homme \"Eagle Gold\" (Coffret 3 Pi\u00e8ces) - CLONE Modele 1","og_description":"Parure Homme \"Eagle Gold\" (3 Pi\u00e8ces)  Un ensemble de caract\u00e8re alliant prestige et audace. Il comprend une montre chronographe robuste au cadran noir et finition dor\u00e9e, accompagn\u00e9e d'un bracelet \u00e0 mailles gourmettes et d'un collier orn\u00e9 d'un pendentif aigle majestueux. Le choix parfait pour l'homme qui veut affirmer son style avec \u00e9l\u00e9gance.","og_url":"https:\/\/www.marche-sn.com\/clone1\/produit\/parure-homme-eagle-gold-coffret-3-pieces\/","og_site_name":"CLONE Modele 1","article_modified_time":"2026-03-20T23:02:03+00:00","og_image":[{"width":1080,"height":1080,"url":"https:\/\/www.marche-sn.com\/clone1\/wp-content\/uploads\/sites\/17\/2025\/12\/WhatsApp-Image-2025-11-02-at-20.44.33.jpeg","type":"image\/jpeg"}],"twitter_card":"summary_large_image","twitter_misc":{"Dur\u00e9e de lecture estim\u00e9e":"1 minute"},"schema":{"@context":"https:\/\/schema.org","@graph":[{"@type":"WebPage","@id":"https:\/\/www.marche-sn.com\/clone1\/produit\/parure-homme-eagle-gold-coffret-3-pieces\/","url":"https:\/\/www.marche-sn.com\/clone1\/produit\/parure-homme-eagle-gold-coffret-3-pieces\/","name":"Parure Homme \"Eagle Gold\" (Coffret 3 Pi\u00e8ces) - CLONE Modele 1","isPartOf":{"@id":"https:\/\/www.marche-sn.com\/clone1\/#website"},"primaryImageOfPage":{"@id":"https:\/\/www.marche-sn.com\/clone1\/produit\/parure-homme-eagle-gold-coffret-3-pieces\/#primaryimage"},"image":{"@id":"https:\/\/www.marche-sn.com\/clone1\/produit\/parure-homme-eagle-gold-coffret-3-pieces\/#primaryimage"},"thumbnailUrl":"https:\/\/www.marche-sn.com\/clone1\/wp-content\/uploads\/sites\/17\/2025\/12\/WhatsApp-Image-2025-11-02-at-20.44.33.jpeg","datePublished":"2026-01-18T10:08:43+00:00","dateModified":"2026-03-20T23:02:03+00:00","breadcrumb":{"@id":"https:\/\/www.marche-sn.com\/clone1\/produit\/parure-homme-eagle-gold-coffret-3-pieces\/#breadcrumb"},"inLanguage":"fr-FR","potentialAction":[{"@type":"ReadAction","target":["https:\/\/www.marche-sn.com\/clone1\/produit\/parure-homme-eagle-gold-coffret-3-pieces\/"]}]},{"@type":"ImageObject","inLanguage":"fr-FR","@id":"https:\/\/www.marche-sn.com\/clone1\/produit\/parure-homme-eagle-gold-coffret-3-pieces\/#primaryimage","url":"https:\/\/www.marche-sn.com\/clone1\/wp-content\/uploads\/sites\/17\/2025\/12\/WhatsApp-Image-2025-11-02-at-20.44.33.jpeg","contentUrl":"https:\/\/www.marche-sn.com\/clone1\/wp-content\/uploads\/sites\/17\/2025\/12\/WhatsApp-Image-2025-11-02-at-20.44.33.jpeg","width":1080,"height":1080},{"@type":"BreadcrumbList","@id":"https:\/\/www.marche-sn.com\/clone1\/produit\/parure-homme-eagle-gold-coffret-3-pieces\/#breadcrumb","itemListElement":[{"@type":"ListItem","position":1,"name":"Accueil","item":"https:\/\/www.marche-sn.com\/clone1\/"},{"@type":"ListItem","position":2,"name":"Shop","item":"https:\/\/www.marche-sn.com\/clone1\/shop\/"},{"@type":"ListItem","position":3,"name":"Parure Homme &#8220;Eagle Gold&#8221; (Coffret 3 Pi\u00e8ces)"}]},{"@type":"WebSite","@id":"https:\/\/www.marche-sn.com\/clone1\/#website","url":"https:\/\/www.marche-sn.com\/clone1\/","name":"CLONE Modele 1","description":"Plus proche de vos d\u00e9sirs!","publisher":{"@id":"https:\/\/www.marche-sn.com\/clone1\/#organization"},"potentialAction":[{"@type":"SearchAction","target":{"@type":"EntryPoint","urlTemplate":"https:\/\/www.marche-sn.com\/clone1\/?s={search_term_string}"},"query-input":{"@type":"PropertyValueSpecification","valueRequired":true,"valueName":"search_term_string"}}],"inLanguage":"fr-FR"},{"@type":"Organization","@id":"https:\/\/www.marche-sn.com\/clone1\/#organization","name":"CLONE Modele 1","url":"https:\/\/www.marche-sn.com\/clone1\/","logo":{"@type":"ImageObject","inLanguage":"fr-FR","@id":"https:\/\/www.marche-sn.com\/clone1\/#\/schema\/logo\/image\/","url":"https:\/\/www.marche-sn.com\/clone1\/wp-content\/uploads\/sites\/17\/2026\/02\/cropped-logo-sofat.fw_-1.png","contentUrl":"https:\/\/www.marche-sn.com\/clone1\/wp-content\/uploads\/sites\/17\/2026\/02\/cropped-logo-sofat.fw_-1.png","width":500,"height":150,"caption":"CLONE Modele 1 "},"image":{"@id":"https:\/\/www.marche-sn.com\/clone1\/#\/schema\/logo\/image\/"}}]}},"_links":{"self":[{"href":"https:\/\/www.marche-sn.com\/clone1\/wp-json\/wp\/v2\/product\/19","targetHints":{"allow":["GET"]}}],"collection":[{"href":"https:\/\/www.marche-sn.com\/clone1\/wp-json\/wp\/v2\/product"}],"about":[{"href":"https:\/\/www.marche-sn.com\/clone1\/wp-json\/wp\/v2\/types\/product"}],"replies":[{"embeddable":true,"href":"https:\/\/www.marche-sn.com\/clone1\/wp-json\/wp\/v2\/comments?post=19"}],"wp:featuredmedia":[{"embeddable":true,"href":"https:\/\/www.marche-sn.com\/clone1\/wp-json\/wp\/v2\/media\/591"}],"wp:attachment":[{"href":"https:\/\/www.marche-sn.com\/clone1\/wp-json\/wp\/v2\/media?parent=19"}],"wp:term":[{"taxonomy":"product_brand","embeddable":true,"href":"https:\/\/www.marche-sn.com\/clone1\/wp-json\/wp\/v2\/product_brand?post=19"},{"taxonomy":"product_cat","embeddable":true,"href":"https:\/\/www.marche-sn.com\/clone1\/wp-json\/wp\/v2\/product_cat?post=19"},{"taxonomy":"product_tag","embeddable":true,"href":"https:\/\/www.marche-sn.com\/clone1\/wp-json\/wp\/v2\/product_tag?post=19"}],"curies":[{"name":"wp","href":"https:\/\/api.w.org\/{rel}","templated":true}]}}