{"id":18,"date":"2026-01-18T11:08:43","date_gmt":"2026-01-18T10:08:43","guid":{"rendered":"https:\/\/envothemes.com\/envo-ecommerce\/product\/import-placeholder-for-48\/"},"modified":"2026-04-22T02:51:23","modified_gmt":"2026-04-22T00:51:23","slug":"genouilleres-de-compression","status":"publish","type":"product","link":"https:\/\/www.marche-sn.com\/clone1\/produit\/genouilleres-de-compression\/","title":{"rendered":"Genouill\u00e8res de Compression"},"content":{"rendered":"<h3 data-path-to-node=\"2\">\ud83e\uddb5 Genouill\u00e8res de Compression Sport &#8220;Pro-Support&#8221;<\/h3>\n<p data-path-to-node=\"3\">Prot\u00e9gez vos articulations et boostez vos performances avec nos genouill\u00e8res de compression haute technologie. Un accessoire indispensable pour les sportifs et pour soulager les douleurs quotidiennes.<\/p>\n<ul data-path-to-node=\"4\">\n<li>\n<p data-path-to-node=\"4,0,0\"><b data-path-to-node=\"4,0,0\" data-index-in-node=\"0\">Maintien Sup\u00e9rieur :<\/b> Syst\u00e8me de doubles sangles crois\u00e9es pour une compression ajustable et une stabilit\u00e9 parfaite du genou.<\/p>\n<\/li>\n<li>\n<p data-path-to-node=\"4,1,0\"><b data-path-to-node=\"4,1,0\" data-index-in-node=\"0\">Confort 3D :<\/b> Tissu respirant et extensible qui \u00e9vacue la transpiration tout en offrant une libert\u00e9 de mouvement totale.<\/p>\n<\/li>\n<li>\n<p data-path-to-node=\"4,2,0\"><b data-path-to-node=\"4,2,0\" data-index-in-node=\"0\">Polyvalence :<\/b> Id\u00e9al pour le fitness, la course \u00e0 pied, le football ou le travail intensif.<\/p>\n<\/li>\n<li>\n<p data-path-to-node=\"4,3,0\"><b data-path-to-node=\"4,3,0\" data-index-in-node=\"0\">Styles Disponibles :<\/b> Existe en Orange, Vert Fluo ou Gris sobre.<\/p>\n<\/li>\n<\/ul>\n<p data-path-to-node=\"7\">\ud83d\udc49 <b data-path-to-node=\"7\" data-index-in-node=\"3\">Prenez soin de vos genoux d\u00e8s aujourd&#8217;hui ! Commandez votre paire.<\/b><\/p>\n","protected":false},"excerpt":{"rendered":"<h3 data-path-to-node=\"6\">\ud83d\udcaa Genouill\u00e8res &#8220;Pro-Support&#8221;<\/h3>\n<p data-path-to-node=\"7\">Des genouill\u00e8res de compression professionnelles con\u00e7ues pour stabiliser l&#8217;articulation et pr\u00e9venir les blessures. Fabriqu\u00e9es en tissu respirant avec des sangles ajustables, elles sont parfaites pour le sport (fitness, running) ou pour soulager les douleurs quotidiennes.<\/p>\n","protected":false},"featured_media":617,"comment_status":"open","ping_status":"closed","template":"","meta":{"_acf_changed":false},"product_brand":[],"product_cat":[33],"product_tag":[],"class_list":{"0":"post-18","1":"product","2":"type-product","3":"status-publish","4":"has-post-thumbnail","6":"product_cat-sport-et-loisirs","8":"first","9":"instock","10":"sale","11":"shipping-taxable","12":"purchasable","13":"product-type-simple"},"acf":[],"yoast_head":"<!-- This site is optimized with the Yoast SEO plugin v26.9 - https:\/\/yoast.com\/product\/yoast-seo-wordpress\/ -->\n<title>Genouill\u00e8res de Compression - CLONE Modele 1<\/title>\n<meta name=\"robots\" content=\"index, follow, max-snippet:-1, max-image-preview:large, max-video-preview:-1\" \/>\n<link rel=\"canonical\" href=\"https:\/\/www.marche-sn.com\/clone1\/produit\/genouilleres-de-compression\/\" \/>\n<meta property=\"og:locale\" content=\"fr_FR\" \/>\n<meta property=\"og:type\" content=\"article\" \/>\n<meta property=\"og:title\" content=\"Genouill\u00e8res de Compression - CLONE Modele 1\" \/>\n<meta property=\"og:description\" content=\"\ud83d\udcaa Genouill\u00e8res &quot;Pro-Support&quot; Des genouill\u00e8res de compression professionnelles con\u00e7ues pour stabiliser l&#039;articulation et pr\u00e9venir les blessures. Fabriqu\u00e9es en tissu respirant avec des sangles ajustables, elles sont parfaites pour le sport (fitness, running) ou pour soulager les douleurs quotidiennes.\" \/>\n<meta property=\"og:url\" content=\"https:\/\/www.marche-sn.com\/clone1\/produit\/genouilleres-de-compression\/\" \/>\n<meta property=\"og:site_name\" content=\"CLONE Modele 1\" \/>\n<meta property=\"article:modified_time\" content=\"2026-04-22T00:51:23+00:00\" \/>\n<meta property=\"og:image\" content=\"https:\/\/www.marche-sn.com\/clone1\/wp-content\/uploads\/sites\/17\/2021\/11\/9244c681-1f39-4cca-ab30-58c93ed58dd3.png\" \/>\n\t<meta property=\"og:image:width\" content=\"1080\" \/>\n\t<meta property=\"og:image:height\" content=\"1080\" \/>\n\t<meta property=\"og:image:type\" content=\"image\/png\" \/>\n<meta name=\"twitter:card\" content=\"summary_large_image\" \/>\n<meta name=\"twitter:label1\" content=\"Dur\u00e9e de lecture estim\u00e9e\" \/>\n\t<meta name=\"twitter:data1\" content=\"1 minute\" \/>\n<script type=\"application\/ld+json\" class=\"yoast-schema-graph\">{\"@context\":\"https:\/\/schema.org\",\"@graph\":[{\"@type\":\"WebPage\",\"@id\":\"https:\/\/www.marche-sn.com\/clone1\/produit\/genouilleres-de-compression\/\",\"url\":\"https:\/\/www.marche-sn.com\/clone1\/produit\/genouilleres-de-compression\/\",\"name\":\"Genouill\u00e8res de Compression - CLONE Modele 1\",\"isPartOf\":{\"@id\":\"https:\/\/www.marche-sn.com\/clone1\/#website\"},\"primaryImageOfPage\":{\"@id\":\"https:\/\/www.marche-sn.com\/clone1\/produit\/genouilleres-de-compression\/#primaryimage\"},\"image\":{\"@id\":\"https:\/\/www.marche-sn.com\/clone1\/produit\/genouilleres-de-compression\/#primaryimage\"},\"thumbnailUrl\":\"https:\/\/www.marche-sn.com\/clone1\/wp-content\/uploads\/sites\/17\/2021\/11\/9244c681-1f39-4cca-ab30-58c93ed58dd3.png\",\"datePublished\":\"2026-01-18T10:08:43+00:00\",\"dateModified\":\"2026-04-22T00:51:23+00:00\",\"breadcrumb\":{\"@id\":\"https:\/\/www.marche-sn.com\/clone1\/produit\/genouilleres-de-compression\/#breadcrumb\"},\"inLanguage\":\"fr-FR\",\"potentialAction\":[{\"@type\":\"ReadAction\",\"target\":[\"https:\/\/www.marche-sn.com\/clone1\/produit\/genouilleres-de-compression\/\"]}]},{\"@type\":\"ImageObject\",\"inLanguage\":\"fr-FR\",\"@id\":\"https:\/\/www.marche-sn.com\/clone1\/produit\/genouilleres-de-compression\/#primaryimage\",\"url\":\"https:\/\/www.marche-sn.com\/clone1\/wp-content\/uploads\/sites\/17\/2021\/11\/9244c681-1f39-4cca-ab30-58c93ed58dd3.png\",\"contentUrl\":\"https:\/\/www.marche-sn.com\/clone1\/wp-content\/uploads\/sites\/17\/2021\/11\/9244c681-1f39-4cca-ab30-58c93ed58dd3.png\",\"width\":1080,\"height\":1080},{\"@type\":\"BreadcrumbList\",\"@id\":\"https:\/\/www.marche-sn.com\/clone1\/produit\/genouilleres-de-compression\/#breadcrumb\",\"itemListElement\":[{\"@type\":\"ListItem\",\"position\":1,\"name\":\"Accueil\",\"item\":\"https:\/\/www.marche-sn.com\/clone1\/\"},{\"@type\":\"ListItem\",\"position\":2,\"name\":\"Shop\",\"item\":\"https:\/\/www.marche-sn.com\/clone1\/shop\/\"},{\"@type\":\"ListItem\",\"position\":3,\"name\":\"Genouill\u00e8res de Compression\"}]},{\"@type\":\"WebSite\",\"@id\":\"https:\/\/www.marche-sn.com\/clone1\/#website\",\"url\":\"https:\/\/www.marche-sn.com\/clone1\/\",\"name\":\"CLONE Modele 1\",\"description\":\"Plus proche de vos d\u00e9sirs!\",\"publisher\":{\"@id\":\"https:\/\/www.marche-sn.com\/clone1\/#organization\"},\"potentialAction\":[{\"@type\":\"SearchAction\",\"target\":{\"@type\":\"EntryPoint\",\"urlTemplate\":\"https:\/\/www.marche-sn.com\/clone1\/?s={search_term_string}\"},\"query-input\":{\"@type\":\"PropertyValueSpecification\",\"valueRequired\":true,\"valueName\":\"search_term_string\"}}],\"inLanguage\":\"fr-FR\"},{\"@type\":\"Organization\",\"@id\":\"https:\/\/www.marche-sn.com\/clone1\/#organization\",\"name\":\"CLONE Modele 1\",\"url\":\"https:\/\/www.marche-sn.com\/clone1\/\",\"logo\":{\"@type\":\"ImageObject\",\"inLanguage\":\"fr-FR\",\"@id\":\"https:\/\/www.marche-sn.com\/clone1\/#\/schema\/logo\/image\/\",\"url\":\"https:\/\/www.marche-sn.com\/clone1\/wp-content\/uploads\/sites\/17\/2026\/02\/cropped-logo-sofat.fw_-1.png\",\"contentUrl\":\"https:\/\/www.marche-sn.com\/clone1\/wp-content\/uploads\/sites\/17\/2026\/02\/cropped-logo-sofat.fw_-1.png\",\"width\":500,\"height\":150,\"caption\":\"CLONE Modele 1 \"},\"image\":{\"@id\":\"https:\/\/www.marche-sn.com\/clone1\/#\/schema\/logo\/image\/\"}}]}<\/script>\n<!-- \/ Yoast SEO plugin. -->","yoast_head_json":{"title":"Genouill\u00e8res de Compression - CLONE Modele 1","robots":{"index":"index","follow":"follow","max-snippet":"max-snippet:-1","max-image-preview":"max-image-preview:large","max-video-preview":"max-video-preview:-1"},"canonical":"https:\/\/www.marche-sn.com\/clone1\/produit\/genouilleres-de-compression\/","og_locale":"fr_FR","og_type":"article","og_title":"Genouill\u00e8res de Compression - CLONE Modele 1","og_description":"\ud83d\udcaa Genouill\u00e8res \"Pro-Support\" Des genouill\u00e8res de compression professionnelles con\u00e7ues pour stabiliser l'articulation et pr\u00e9venir les blessures. Fabriqu\u00e9es en tissu respirant avec des sangles ajustables, elles sont parfaites pour le sport (fitness, running) ou pour soulager les douleurs quotidiennes.","og_url":"https:\/\/www.marche-sn.com\/clone1\/produit\/genouilleres-de-compression\/","og_site_name":"CLONE Modele 1","article_modified_time":"2026-04-22T00:51:23+00:00","og_image":[{"width":1080,"height":1080,"url":"https:\/\/www.marche-sn.com\/clone1\/wp-content\/uploads\/sites\/17\/2021\/11\/9244c681-1f39-4cca-ab30-58c93ed58dd3.png","type":"image\/png"}],"twitter_card":"summary_large_image","twitter_misc":{"Dur\u00e9e de lecture estim\u00e9e":"1 minute"},"schema":{"@context":"https:\/\/schema.org","@graph":[{"@type":"WebPage","@id":"https:\/\/www.marche-sn.com\/clone1\/produit\/genouilleres-de-compression\/","url":"https:\/\/www.marche-sn.com\/clone1\/produit\/genouilleres-de-compression\/","name":"Genouill\u00e8res de Compression - CLONE Modele 1","isPartOf":{"@id":"https:\/\/www.marche-sn.com\/clone1\/#website"},"primaryImageOfPage":{"@id":"https:\/\/www.marche-sn.com\/clone1\/produit\/genouilleres-de-compression\/#primaryimage"},"image":{"@id":"https:\/\/www.marche-sn.com\/clone1\/produit\/genouilleres-de-compression\/#primaryimage"},"thumbnailUrl":"https:\/\/www.marche-sn.com\/clone1\/wp-content\/uploads\/sites\/17\/2021\/11\/9244c681-1f39-4cca-ab30-58c93ed58dd3.png","datePublished":"2026-01-18T10:08:43+00:00","dateModified":"2026-04-22T00:51:23+00:00","breadcrumb":{"@id":"https:\/\/www.marche-sn.com\/clone1\/produit\/genouilleres-de-compression\/#breadcrumb"},"inLanguage":"fr-FR","potentialAction":[{"@type":"ReadAction","target":["https:\/\/www.marche-sn.com\/clone1\/produit\/genouilleres-de-compression\/"]}]},{"@type":"ImageObject","inLanguage":"fr-FR","@id":"https:\/\/www.marche-sn.com\/clone1\/produit\/genouilleres-de-compression\/#primaryimage","url":"https:\/\/www.marche-sn.com\/clone1\/wp-content\/uploads\/sites\/17\/2021\/11\/9244c681-1f39-4cca-ab30-58c93ed58dd3.png","contentUrl":"https:\/\/www.marche-sn.com\/clone1\/wp-content\/uploads\/sites\/17\/2021\/11\/9244c681-1f39-4cca-ab30-58c93ed58dd3.png","width":1080,"height":1080},{"@type":"BreadcrumbList","@id":"https:\/\/www.marche-sn.com\/clone1\/produit\/genouilleres-de-compression\/#breadcrumb","itemListElement":[{"@type":"ListItem","position":1,"name":"Accueil","item":"https:\/\/www.marche-sn.com\/clone1\/"},{"@type":"ListItem","position":2,"name":"Shop","item":"https:\/\/www.marche-sn.com\/clone1\/shop\/"},{"@type":"ListItem","position":3,"name":"Genouill\u00e8res de Compression"}]},{"@type":"WebSite","@id":"https:\/\/www.marche-sn.com\/clone1\/#website","url":"https:\/\/www.marche-sn.com\/clone1\/","name":"CLONE Modele 1","description":"Plus proche de vos d\u00e9sirs!","publisher":{"@id":"https:\/\/www.marche-sn.com\/clone1\/#organization"},"potentialAction":[{"@type":"SearchAction","target":{"@type":"EntryPoint","urlTemplate":"https:\/\/www.marche-sn.com\/clone1\/?s={search_term_string}"},"query-input":{"@type":"PropertyValueSpecification","valueRequired":true,"valueName":"search_term_string"}}],"inLanguage":"fr-FR"},{"@type":"Organization","@id":"https:\/\/www.marche-sn.com\/clone1\/#organization","name":"CLONE Modele 1","url":"https:\/\/www.marche-sn.com\/clone1\/","logo":{"@type":"ImageObject","inLanguage":"fr-FR","@id":"https:\/\/www.marche-sn.com\/clone1\/#\/schema\/logo\/image\/","url":"https:\/\/www.marche-sn.com\/clone1\/wp-content\/uploads\/sites\/17\/2026\/02\/cropped-logo-sofat.fw_-1.png","contentUrl":"https:\/\/www.marche-sn.com\/clone1\/wp-content\/uploads\/sites\/17\/2026\/02\/cropped-logo-sofat.fw_-1.png","width":500,"height":150,"caption":"CLONE Modele 1 "},"image":{"@id":"https:\/\/www.marche-sn.com\/clone1\/#\/schema\/logo\/image\/"}}]}},"_links":{"self":[{"href":"https:\/\/www.marche-sn.com\/clone1\/wp-json\/wp\/v2\/product\/18","targetHints":{"allow":["GET"]}}],"collection":[{"href":"https:\/\/www.marche-sn.com\/clone1\/wp-json\/wp\/v2\/product"}],"about":[{"href":"https:\/\/www.marche-sn.com\/clone1\/wp-json\/wp\/v2\/types\/product"}],"replies":[{"embeddable":true,"href":"https:\/\/www.marche-sn.com\/clone1\/wp-json\/wp\/v2\/comments?post=18"}],"wp:featuredmedia":[{"embeddable":true,"href":"https:\/\/www.marche-sn.com\/clone1\/wp-json\/wp\/v2\/media\/617"}],"wp:attachment":[{"href":"https:\/\/www.marche-sn.com\/clone1\/wp-json\/wp\/v2\/media?parent=18"}],"wp:term":[{"taxonomy":"product_brand","embeddable":true,"href":"https:\/\/www.marche-sn.com\/clone1\/wp-json\/wp\/v2\/product_brand?post=18"},{"taxonomy":"product_cat","embeddable":true,"href":"https:\/\/www.marche-sn.com\/clone1\/wp-json\/wp\/v2\/product_cat?post=18"},{"taxonomy":"product_tag","embeddable":true,"href":"https:\/\/www.marche-sn.com\/clone1\/wp-json\/wp\/v2\/product_tag?post=18"}],"curies":[{"name":"wp","href":"https:\/\/api.w.org\/{rel}","templated":true}]}}