{"id":926,"date":"2026-03-24T22:52:50","date_gmt":"2026-03-24T21:52:50","guid":{"rendered":"https:\/\/www.marche-sn.com\/auratemps\/?post_type=product&#038;p=926"},"modified":"2026-04-22T02:46:45","modified_gmt":"2026-04-22T00:46:45","slug":"ensemble-montre-et-bracelet-pour-dames","status":"publish","type":"product","link":"https:\/\/www.marche-sn.com\/auratemps\/produit\/ensemble-montre-et-bracelet-pour-dames\/","title":{"rendered":"Ensemble montre et bracelet pour dames"},"content":{"rendered":"<p data-path-to-node=\"18\">Ajoutez une touche de sophistication \u00e0 votre look avec cet ensemble montre et bracelet pour dames magnifiquement assorti. Con\u00e7u pour l&#8217;\u00e9l\u00e9gance, cet ensemble est parfait pour un usage quotidien ou pour une occasion sp\u00e9ciale.<\/p>\n<ul data-path-to-node=\"19\">\n<li>\n<p data-path-to-node=\"19,0,0\"><b data-path-to-node=\"19,0,0\" data-index-in-node=\"0\">Montre Quartz \u00e9l\u00e9gante :<\/b> La montre pr\u00e9sente un bo\u00eetier plaqu\u00e9 or rose brillant avec une lunette facett\u00e9e accrocheuse. Le cadran noir captivant est d\u00e9cor\u00e9 d&#8217;un motif de ciel \u00e9toil\u00e9 paillet\u00e9 et d&#8217;index en cristal scintillant pour les heures. Le mouvement \u00e0 quartz assure une tenue de l&#8217;heure pr\u00e9cise. Le bracelet en cuir noir textur\u00e9 ajoute une touche classique et est confortable \u00e0 porter.<\/p>\n<\/li>\n<li>\n<p data-path-to-node=\"19,1,0\"><b data-path-to-node=\"19,1,0\" data-index-in-node=\"0\">Bracelet \u00e0 breloques assorti :<\/b> Le bracelet assorti en or rose est d\u00e9licatement confectionn\u00e9 et encrust\u00e9 de pierres de cristal p pav\u00e9. Il dispose de deux breloques en forme d&#8217;\u00e9toile p pav\u00e9 de cristaux, ajoutant une touche de brillance suppl\u00e9mentaire \u00e0 votre poignet.<\/p>\n<\/li>\n<li>\n<p data-path-to-node=\"19,2,0\"><b data-path-to-node=\"19,2,0\" data-index-in-node=\"0\">Cadeau parfait :<\/b> Cet ensemble est pr\u00e9sent\u00e9 dans une bo\u00eete cadeau douce et rembourr\u00e9e de couleur rose, ce qui en fait un cadeau id\u00e9al pour un anniversaire, un anniversaire ou toute autre occasion sp\u00e9ciale.<\/p>\n<\/li>\n<\/ul>\n","protected":false},"excerpt":{"rendered":"<p>Un ensemble montre et bracelet \u00e9l\u00e9gant en or rose. La montre quartz dispose d&#8217;un cadran ciel \u00e9toil\u00e9 noir scintillant avec des index en cristal, et est associ\u00e9e \u00e0 un bracelet \u00e0 breloques assorti encrust\u00e9 de cristaux et orn\u00e9 de breloques en forme d&#8217;\u00e9toile.<\/p>\n","protected":false},"featured_media":927,"comment_status":"open","ping_status":"closed","template":"","meta":{"_acf_changed":false},"product_brand":[],"product_cat":[27],"product_tag":[],"class_list":{"0":"post-926","1":"product","2":"type-product","3":"status-publish","4":"has-post-thumbnail","6":"product_cat-bijouxmontre","8":"first","9":"instock","10":"sale","11":"shipping-taxable","12":"purchasable","13":"product-type-simple"},"acf":[],"yoast_head":"<!-- This site is optimized with the Yoast SEO plugin v26.9 - https:\/\/yoast.com\/product\/yoast-seo-wordpress\/ -->\n<title>Ensemble montre et bracelet pour dames - Aura &amp; Temps<\/title>\n<meta name=\"robots\" content=\"index, follow, max-snippet:-1, max-image-preview:large, max-video-preview:-1\" \/>\n<link rel=\"canonical\" href=\"https:\/\/www.marche-sn.com\/auratemps\/produit\/ensemble-montre-et-bracelet-pour-dames\/\" \/>\n<meta property=\"og:locale\" content=\"fr_FR\" \/>\n<meta property=\"og:type\" content=\"article\" \/>\n<meta property=\"og:title\" content=\"Ensemble montre et bracelet pour dames - Aura &amp; Temps\" \/>\n<meta property=\"og:description\" content=\"Un ensemble montre et bracelet \u00e9l\u00e9gant en or rose. La montre quartz dispose d&#039;un cadran ciel \u00e9toil\u00e9 noir scintillant avec des index en cristal, et est associ\u00e9e \u00e0 un bracelet \u00e0 breloques assorti encrust\u00e9 de cristaux et orn\u00e9 de breloques en forme d&#039;\u00e9toile.\" \/>\n<meta property=\"og:url\" content=\"https:\/\/www.marche-sn.com\/auratemps\/produit\/ensemble-montre-et-bracelet-pour-dames\/\" \/>\n<meta property=\"og:site_name\" content=\"Aura &amp; Temps\" \/>\n<meta property=\"article:modified_time\" content=\"2026-04-22T00:46:45+00:00\" \/>\n<meta property=\"og:image\" content=\"https:\/\/www.marche-sn.com\/auratemps\/wp-content\/uploads\/sites\/18\/2026\/03\/photo_5787188455786875767_y-1-e1774389114210.jpg\" \/>\n\t<meta property=\"og:image:width\" content=\"500\" \/>\n\t<meta property=\"og:image:height\" content=\"500\" \/>\n\t<meta property=\"og:image:type\" content=\"image\/jpeg\" \/>\n<meta name=\"twitter:card\" content=\"summary_large_image\" \/>\n<meta name=\"twitter:label1\" content=\"Dur\u00e9e de lecture estim\u00e9e\" \/>\n\t<meta name=\"twitter:data1\" content=\"2 minutes\" \/>\n<script type=\"application\/ld+json\" class=\"yoast-schema-graph\">{\"@context\":\"https:\/\/schema.org\",\"@graph\":[{\"@type\":\"WebPage\",\"@id\":\"https:\/\/www.marche-sn.com\/auratemps\/produit\/ensemble-montre-et-bracelet-pour-dames\/\",\"url\":\"https:\/\/www.marche-sn.com\/auratemps\/produit\/ensemble-montre-et-bracelet-pour-dames\/\",\"name\":\"Ensemble montre et bracelet pour dames - Aura & Temps\",\"isPartOf\":{\"@id\":\"https:\/\/www.marche-sn.com\/auratemps\/#website\"},\"primaryImageOfPage\":{\"@id\":\"https:\/\/www.marche-sn.com\/auratemps\/produit\/ensemble-montre-et-bracelet-pour-dames\/#primaryimage\"},\"image\":{\"@id\":\"https:\/\/www.marche-sn.com\/auratemps\/produit\/ensemble-montre-et-bracelet-pour-dames\/#primaryimage\"},\"thumbnailUrl\":\"https:\/\/www.marche-sn.com\/auratemps\/wp-content\/uploads\/sites\/18\/2026\/03\/photo_5787188455786875767_y-1-e1774389114210.jpg\",\"datePublished\":\"2026-03-24T21:52:50+00:00\",\"dateModified\":\"2026-04-22T00:46:45+00:00\",\"breadcrumb\":{\"@id\":\"https:\/\/www.marche-sn.com\/auratemps\/produit\/ensemble-montre-et-bracelet-pour-dames\/#breadcrumb\"},\"inLanguage\":\"fr-FR\",\"potentialAction\":[{\"@type\":\"ReadAction\",\"target\":[\"https:\/\/www.marche-sn.com\/auratemps\/produit\/ensemble-montre-et-bracelet-pour-dames\/\"]}]},{\"@type\":\"ImageObject\",\"inLanguage\":\"fr-FR\",\"@id\":\"https:\/\/www.marche-sn.com\/auratemps\/produit\/ensemble-montre-et-bracelet-pour-dames\/#primaryimage\",\"url\":\"https:\/\/www.marche-sn.com\/auratemps\/wp-content\/uploads\/sites\/18\/2026\/03\/photo_5787188455786875767_y-1-e1774389114210.jpg\",\"contentUrl\":\"https:\/\/www.marche-sn.com\/auratemps\/wp-content\/uploads\/sites\/18\/2026\/03\/photo_5787188455786875767_y-1-e1774389114210.jpg\",\"width\":500,\"height\":500},{\"@type\":\"BreadcrumbList\",\"@id\":\"https:\/\/www.marche-sn.com\/auratemps\/produit\/ensemble-montre-et-bracelet-pour-dames\/#breadcrumb\",\"itemListElement\":[{\"@type\":\"ListItem\",\"position\":1,\"name\":\"Accueil\",\"item\":\"https:\/\/www.marche-sn.com\/auratemps\/\"},{\"@type\":\"ListItem\",\"position\":2,\"name\":\"Shop\",\"item\":\"https:\/\/www.marche-sn.com\/auratemps\/shop\/\"},{\"@type\":\"ListItem\",\"position\":3,\"name\":\"Ensemble montre et bracelet pour dames\"}]},{\"@type\":\"WebSite\",\"@id\":\"https:\/\/www.marche-sn.com\/auratemps\/#website\",\"url\":\"https:\/\/www.marche-sn.com\/auratemps\/\",\"name\":\"Aura & Temps\",\"description\":\"Plus proche de vos d\u00e9sirs!\",\"publisher\":{\"@id\":\"https:\/\/www.marche-sn.com\/auratemps\/#organization\"},\"potentialAction\":[{\"@type\":\"SearchAction\",\"target\":{\"@type\":\"EntryPoint\",\"urlTemplate\":\"https:\/\/www.marche-sn.com\/auratemps\/?s={search_term_string}\"},\"query-input\":{\"@type\":\"PropertyValueSpecification\",\"valueRequired\":true,\"valueName\":\"search_term_string\"}}],\"inLanguage\":\"fr-FR\"},{\"@type\":\"Organization\",\"@id\":\"https:\/\/www.marche-sn.com\/auratemps\/#organization\",\"name\":\"Aura & Temps\",\"url\":\"https:\/\/www.marche-sn.com\/auratemps\/\",\"logo\":{\"@type\":\"ImageObject\",\"inLanguage\":\"fr-FR\",\"@id\":\"https:\/\/www.marche-sn.com\/auratemps\/#\/schema\/logo\/image\/\",\"url\":\"https:\/\/www.marche-sn.com\/auratemps\/wp-content\/uploads\/sites\/18\/2026\/02\/cropped-logo-sofat.fw_-1.png\",\"contentUrl\":\"https:\/\/www.marche-sn.com\/auratemps\/wp-content\/uploads\/sites\/18\/2026\/02\/cropped-logo-sofat.fw_-1.png\",\"width\":500,\"height\":150,\"caption\":\"Aura & Temps\"},\"image\":{\"@id\":\"https:\/\/www.marche-sn.com\/auratemps\/#\/schema\/logo\/image\/\"}}]}<\/script>\n<!-- \/ Yoast SEO plugin. -->","yoast_head_json":{"title":"Ensemble montre et bracelet pour dames - Aura & Temps","robots":{"index":"index","follow":"follow","max-snippet":"max-snippet:-1","max-image-preview":"max-image-preview:large","max-video-preview":"max-video-preview:-1"},"canonical":"https:\/\/www.marche-sn.com\/auratemps\/produit\/ensemble-montre-et-bracelet-pour-dames\/","og_locale":"fr_FR","og_type":"article","og_title":"Ensemble montre et bracelet pour dames - Aura & Temps","og_description":"Un ensemble montre et bracelet \u00e9l\u00e9gant en or rose. La montre quartz dispose d'un cadran ciel \u00e9toil\u00e9 noir scintillant avec des index en cristal, et est associ\u00e9e \u00e0 un bracelet \u00e0 breloques assorti encrust\u00e9 de cristaux et orn\u00e9 de breloques en forme d'\u00e9toile.","og_url":"https:\/\/www.marche-sn.com\/auratemps\/produit\/ensemble-montre-et-bracelet-pour-dames\/","og_site_name":"Aura & Temps","article_modified_time":"2026-04-22T00:46:45+00:00","og_image":[{"width":500,"height":500,"url":"https:\/\/www.marche-sn.com\/auratemps\/wp-content\/uploads\/sites\/18\/2026\/03\/photo_5787188455786875767_y-1-e1774389114210.jpg","type":"image\/jpeg"}],"twitter_card":"summary_large_image","twitter_misc":{"Dur\u00e9e de lecture estim\u00e9e":"2 minutes"},"schema":{"@context":"https:\/\/schema.org","@graph":[{"@type":"WebPage","@id":"https:\/\/www.marche-sn.com\/auratemps\/produit\/ensemble-montre-et-bracelet-pour-dames\/","url":"https:\/\/www.marche-sn.com\/auratemps\/produit\/ensemble-montre-et-bracelet-pour-dames\/","name":"Ensemble montre et bracelet pour dames - Aura & Temps","isPartOf":{"@id":"https:\/\/www.marche-sn.com\/auratemps\/#website"},"primaryImageOfPage":{"@id":"https:\/\/www.marche-sn.com\/auratemps\/produit\/ensemble-montre-et-bracelet-pour-dames\/#primaryimage"},"image":{"@id":"https:\/\/www.marche-sn.com\/auratemps\/produit\/ensemble-montre-et-bracelet-pour-dames\/#primaryimage"},"thumbnailUrl":"https:\/\/www.marche-sn.com\/auratemps\/wp-content\/uploads\/sites\/18\/2026\/03\/photo_5787188455786875767_y-1-e1774389114210.jpg","datePublished":"2026-03-24T21:52:50+00:00","dateModified":"2026-04-22T00:46:45+00:00","breadcrumb":{"@id":"https:\/\/www.marche-sn.com\/auratemps\/produit\/ensemble-montre-et-bracelet-pour-dames\/#breadcrumb"},"inLanguage":"fr-FR","potentialAction":[{"@type":"ReadAction","target":["https:\/\/www.marche-sn.com\/auratemps\/produit\/ensemble-montre-et-bracelet-pour-dames\/"]}]},{"@type":"ImageObject","inLanguage":"fr-FR","@id":"https:\/\/www.marche-sn.com\/auratemps\/produit\/ensemble-montre-et-bracelet-pour-dames\/#primaryimage","url":"https:\/\/www.marche-sn.com\/auratemps\/wp-content\/uploads\/sites\/18\/2026\/03\/photo_5787188455786875767_y-1-e1774389114210.jpg","contentUrl":"https:\/\/www.marche-sn.com\/auratemps\/wp-content\/uploads\/sites\/18\/2026\/03\/photo_5787188455786875767_y-1-e1774389114210.jpg","width":500,"height":500},{"@type":"BreadcrumbList","@id":"https:\/\/www.marche-sn.com\/auratemps\/produit\/ensemble-montre-et-bracelet-pour-dames\/#breadcrumb","itemListElement":[{"@type":"ListItem","position":1,"name":"Accueil","item":"https:\/\/www.marche-sn.com\/auratemps\/"},{"@type":"ListItem","position":2,"name":"Shop","item":"https:\/\/www.marche-sn.com\/auratemps\/shop\/"},{"@type":"ListItem","position":3,"name":"Ensemble montre et bracelet pour dames"}]},{"@type":"WebSite","@id":"https:\/\/www.marche-sn.com\/auratemps\/#website","url":"https:\/\/www.marche-sn.com\/auratemps\/","name":"Aura & Temps","description":"Plus proche de vos d\u00e9sirs!","publisher":{"@id":"https:\/\/www.marche-sn.com\/auratemps\/#organization"},"potentialAction":[{"@type":"SearchAction","target":{"@type":"EntryPoint","urlTemplate":"https:\/\/www.marche-sn.com\/auratemps\/?s={search_term_string}"},"query-input":{"@type":"PropertyValueSpecification","valueRequired":true,"valueName":"search_term_string"}}],"inLanguage":"fr-FR"},{"@type":"Organization","@id":"https:\/\/www.marche-sn.com\/auratemps\/#organization","name":"Aura & Temps","url":"https:\/\/www.marche-sn.com\/auratemps\/","logo":{"@type":"ImageObject","inLanguage":"fr-FR","@id":"https:\/\/www.marche-sn.com\/auratemps\/#\/schema\/logo\/image\/","url":"https:\/\/www.marche-sn.com\/auratemps\/wp-content\/uploads\/sites\/18\/2026\/02\/cropped-logo-sofat.fw_-1.png","contentUrl":"https:\/\/www.marche-sn.com\/auratemps\/wp-content\/uploads\/sites\/18\/2026\/02\/cropped-logo-sofat.fw_-1.png","width":500,"height":150,"caption":"Aura & Temps"},"image":{"@id":"https:\/\/www.marche-sn.com\/auratemps\/#\/schema\/logo\/image\/"}}]}},"_links":{"self":[{"href":"https:\/\/www.marche-sn.com\/auratemps\/wp-json\/wp\/v2\/product\/926","targetHints":{"allow":["GET"]}}],"collection":[{"href":"https:\/\/www.marche-sn.com\/auratemps\/wp-json\/wp\/v2\/product"}],"about":[{"href":"https:\/\/www.marche-sn.com\/auratemps\/wp-json\/wp\/v2\/types\/product"}],"replies":[{"embeddable":true,"href":"https:\/\/www.marche-sn.com\/auratemps\/wp-json\/wp\/v2\/comments?post=926"}],"wp:featuredmedia":[{"embeddable":true,"href":"https:\/\/www.marche-sn.com\/auratemps\/wp-json\/wp\/v2\/media\/927"}],"wp:attachment":[{"href":"https:\/\/www.marche-sn.com\/auratemps\/wp-json\/wp\/v2\/media?parent=926"}],"wp:term":[{"taxonomy":"product_brand","embeddable":true,"href":"https:\/\/www.marche-sn.com\/auratemps\/wp-json\/wp\/v2\/product_brand?post=926"},{"taxonomy":"product_cat","embeddable":true,"href":"https:\/\/www.marche-sn.com\/auratemps\/wp-json\/wp\/v2\/product_cat?post=926"},{"taxonomy":"product_tag","embeddable":true,"href":"https:\/\/www.marche-sn.com\/auratemps\/wp-json\/wp\/v2\/product_tag?post=926"}],"curies":[{"name":"wp","href":"https:\/\/api.w.org\/{rel}","templated":true}]}}