{"id":53,"date":"2019-04-18T11:16:34","date_gmt":"2019-04-18T11:16:34","guid":{"rendered":"https:\/\/envothemes.com\/envo-ecommerce\/?page_id=53"},"modified":"2026-02-04T22:38:23","modified_gmt":"2026-02-04T21:38:23","slug":"about-us","status":"publish","type":"page","link":"https:\/\/www.marche-sn.com\/auratemps\/about-us\/","title":{"rendered":"About Us"},"content":{"rendered":"\t\t<div data-elementor-type=\"wp-post\" data-elementor-id=\"53\" class=\"elementor elementor-53\">\n\t\t\t\t\t\t<section class=\"elementor-section elementor-top-section elementor-element elementor-element-2b5c2656 elementor-section-boxed elementor-section-height-default elementor-section-height-default\" data-id=\"2b5c2656\" data-element_type=\"section\" data-e-type=\"section\" data-settings=\"{&quot;background_background&quot;:&quot;classic&quot;}\">\n\t\t\t\t\t\t<div class=\"elementor-container elementor-column-gap-default\">\n\t\t\t\t\t<div class=\"elementor-column elementor-col-100 elementor-top-column elementor-element elementor-element-6a2380e3\" data-id=\"6a2380e3\" data-element_type=\"column\" data-e-type=\"column\">\n\t\t\t<div class=\"elementor-widget-wrap elementor-element-populated\">\n\t\t\t\t\t\t<div class=\"elementor-element elementor-element-7dcf8e7e elementor-widget elementor-widget-heading\" data-id=\"7dcf8e7e\" data-element_type=\"widget\" data-e-type=\"widget\" data-widget_type=\"heading.default\">\n\t\t\t\t\t<h3 class=\"elementor-heading-title elementor-size-default\">A propos<\/h3>\t\t\t\t<\/div>\n\t\t\t\t<div class=\"elementor-element elementor-element-5cb5fbab elementor-widget elementor-widget-heading\" data-id=\"5cb5fbab\" data-element_type=\"widget\" data-e-type=\"widget\" data-widget_type=\"heading.default\">\n\t\t\t\t\t<h2 class=\"elementor-heading-title elementor-size-default\">Sofat Store<\/h2>\t\t\t\t<\/div>\n\t\t\t\t<div class=\"elementor-element elementor-element-13a0f5ed elementor-widget-divider--view-line elementor-widget elementor-widget-divider\" data-id=\"13a0f5ed\" data-element_type=\"widget\" data-e-type=\"widget\" data-widget_type=\"divider.default\">\n\t\t\t\t\t\t\t<div class=\"elementor-divider\">\n\t\t\t<span class=\"elementor-divider-separator\">\n\t\t\t\t\t\t<\/span>\n\t\t<\/div>\n\t\t\t\t\t\t<\/div>\n\t\t\t\t<div class=\"elementor-element elementor-element-61bd2cd5 elementor-widget elementor-widget-text-editor\" data-id=\"61bd2cd5\" data-element_type=\"widget\" data-e-type=\"widget\" data-widget_type=\"text-editor.default\">\n\t\t\t\t\t\t\t\t\t<p>Boutique en ligne appartenant \u00e0 la plateforme e-commerce March\u00e9 SN\u00a0<\/p>\t\t\t\t\t\t\t\t<\/div>\n\t\t\t\t\t<\/div>\n\t\t<\/div>\n\t\t\t\t\t<\/div>\n\t\t<\/section>\n\t\t\t\t<section class=\"elementor-section elementor-top-section elementor-element elementor-element-41b4fead elementor-reverse-mobile elementor-section-boxed elementor-section-height-default elementor-section-height-default\" data-id=\"41b4fead\" data-element_type=\"section\" data-e-type=\"section\" data-settings=\"{&quot;background_background&quot;:&quot;classic&quot;}\">\n\t\t\t\t\t\t\t<div class=\"elementor-background-overlay\"><\/div>\n\t\t\t\t\t\t\t<div class=\"elementor-container elementor-column-gap-default\">\n\t\t\t\t\t<div class=\"elementor-column elementor-col-33 elementor-top-column elementor-element elementor-element-205bc7ca\" data-id=\"205bc7ca\" data-element_type=\"column\" data-e-type=\"column\">\n\t\t\t<div class=\"elementor-widget-wrap elementor-element-populated\">\n\t\t\t\t\t\t<div class=\"elementor-element elementor-element-249d9a elementor-widget elementor-widget-heading\" data-id=\"249d9a\" data-element_type=\"widget\" data-e-type=\"widget\" data-widget_type=\"heading.default\">\n\t\t\t\t\t<h2 class=\"elementor-heading-title elementor-size-default\">Qui sommes nous?<\/h2>\t\t\t\t<\/div>\n\t\t\t\t<div class=\"elementor-element elementor-element-c8d7c01 elementor-widget elementor-widget-text-editor\" data-id=\"c8d7c01\" data-element_type=\"widget\" data-e-type=\"widget\" data-widget_type=\"text-editor.default\">\n\t\t\t\t\t\t\t\t\t<h2 data-path-to-node=\"2\"><b data-path-to-node=\"2\" data-index-in-node=\"0\">Sofat Store : L&#8217;\u00e9l\u00e9gance \u00e0 votre port\u00e9e<\/b><\/h2><p data-path-to-node=\"3\">Appartenant \u00e0 l&#8217;\u00e9cosyst\u00e8me <b data-path-to-node=\"3\" data-index-in-node=\"27\">March\u00e9 SN<\/b>, Sofat Store est une boutique en ligne sp\u00e9cialis\u00e9e dans la s\u00e9lection d&#8217;articles de mode et d&#8217;accessoires (ou votre cat\u00e9gorie sp\u00e9cifique, ex: d\u00e9coration, cosm\u00e9tiques) con\u00e7us pour sublimer votre quotidien.<\/p><p data-path-to-node=\"9\">\u00a0<\/p>\t\t\t\t\t\t\t\t<\/div>\n\t\t\t\t\t<\/div>\n\t\t<\/div>\n\t\t\t\t<div class=\"elementor-column elementor-col-33 elementor-top-column elementor-element elementor-element-18fb9eb3\" data-id=\"18fb9eb3\" data-element_type=\"column\" data-e-type=\"column\" data-settings=\"{&quot;background_background&quot;:&quot;classic&quot;}\">\n\t\t\t<div class=\"elementor-widget-wrap elementor-element-populated\">\n\t\t\t\t\t<div class=\"elementor-background-overlay\"><\/div>\n\t\t\t\t\t\t<div class=\"elementor-element elementor-element-71b4145a elementor-widget__width-initial elementor-widget elementor-widget-image\" data-id=\"71b4145a\" data-element_type=\"widget\" data-e-type=\"widget\" data-widget_type=\"image.default\">\n\t\t\t\t\t\t\t\t\t\t\t\t\t\t\t<img decoding=\"async\" src=\"https:\/\/www.marche-sn.com\/sofat\/wp-content\/uploads\/sites\/2\/2025\/12\/montreimg1.png\" title=\"\" alt=\"\" loading=\"lazy\" \/>\t\t\t\t\t\t\t\t\t\t\t\t\t\t\t<\/div>\n\t\t\t\t\t<\/div>\n\t\t<\/div>\n\t\t\t\t<div class=\"elementor-column elementor-col-33 elementor-top-column elementor-element elementor-element-95cee73\" data-id=\"95cee73\" data-element_type=\"column\" data-e-type=\"column\">\n\t\t\t<div class=\"elementor-widget-wrap elementor-element-populated\">\n\t\t\t\t\t\t<div class=\"elementor-element elementor-element-3fb10ea elementor-widget__width-initial elementor-widget elementor-widget-image\" data-id=\"3fb10ea\" data-element_type=\"widget\" data-e-type=\"widget\" data-widget_type=\"image.default\">\n\t\t\t\t\t\t\t\t\t\t\t\t\t\t\t<img decoding=\"async\" width=\"209\" height=\"160\" src=\"https:\/\/www.marche-sn.com\/auratemps\/wp-content\/uploads\/sites\/18\/2025\/12\/montreimg.png\" class=\"attachment-large size-large wp-image-650\" alt=\"\" \/>\t\t\t\t\t\t\t\t\t\t\t\t\t\t\t<\/div>\n\t\t\t\t\t<\/div>\n\t\t<\/div>\n\t\t\t\t\t<\/div>\n\t\t<\/section>\n\t\t\t\t<section class=\"elementor-section elementor-top-section elementor-element elementor-element-161d50ee elementor-section-boxed elementor-section-height-default elementor-section-height-default\" data-id=\"161d50ee\" data-element_type=\"section\" data-e-type=\"section\" data-settings=\"{&quot;background_background&quot;:&quot;classic&quot;}\">\n\t\t\t\t\t\t<div class=\"elementor-container elementor-column-gap-no\">\n\t\t\t\t\t<div class=\"elementor-column elementor-col-50 elementor-top-column elementor-element elementor-element-24726dbd\" data-id=\"24726dbd\" data-element_type=\"column\" data-e-type=\"column\">\n\t\t\t<div class=\"elementor-widget-wrap elementor-element-populated\">\n\t\t\t\t\t\t<div class=\"elementor-element elementor-element-6b8db010 elementor-widget elementor-widget-heading\" data-id=\"6b8db010\" data-element_type=\"widget\" data-e-type=\"widget\" data-widget_type=\"heading.default\">\n\t\t\t\t\t<h2 class=\"elementor-heading-title elementor-size-default\">Notre mission<\/h2>\t\t\t\t<\/div>\n\t\t\t\t<div class=\"elementor-element elementor-element-201183f8 elementor-widget elementor-widget-text-editor\" data-id=\"201183f8\" data-element_type=\"widget\" data-e-type=\"widget\" data-widget_type=\"text-editor.default\">\n\t\t\t\t\t\t\t\t\t<p>Fid\u00e8les \u00e0 notre slogan, <b style=\"color: var( --e-global-color-text ); font-family: var( --e-global-typography-text-font-family ), Sans-serif; font-size: 18px;\" data-path-to-node=\"5\" data-index-in-node=\"24\">\u00ab Plus proche de vos d\u00e9sirs \u00bb<\/b><span style=\"color: var( --e-global-color-text ); font-family: var( --e-global-typography-text-font-family ), Sans-serif; font-weight: var( --e-global-typography-text-font-weight ); font-size: 18px;\">, nous nous engageons \u00e0 r\u00e9duire la distance entre vos envies et la r\u00e9alit\u00e9. Notre mission est de d\u00e9nicher les tendances les plus actuelles et de les rendre accessibles en un clic, partout au S\u00e9n\u00e9gal.<\/span><\/p><h3 data-path-to-node=\"6\"><b data-path-to-node=\"6\" data-index-in-node=\"0\">Pourquoi nous choisir ?<\/b><\/h3><ul data-path-to-node=\"7\"><li><p data-path-to-node=\"7,0,0\"><b data-path-to-node=\"7,0,0\" data-index-in-node=\"0\">La Proximit\u00e9 :<\/b> Gr\u00e2ce \u00e0 l&#8217;infrastructure de March\u00e9 SN, nous garantissons une \u00e9coute active et un service client r\u00e9actif.<\/p><\/li><li><p data-path-to-node=\"7,1,0\"><b data-path-to-node=\"7,1,0\" data-index-in-node=\"0\">La Qualit\u00e9 :<\/b> Chaque article de notre catalogue est rigoureusement s\u00e9lectionn\u00e9 pour r\u00e9pondre aux exigences de notre client\u00e8le.<\/p><\/li><li><p data-path-to-node=\"7,2,0\"><b data-path-to-node=\"7,2,0\" data-index-in-node=\"0\">La Simplicit\u00e9 :<\/b> Une exp\u00e9rience d&#8217;achat fluide, des paiements s\u00e9curis\u00e9s via vos op\u00e9rateurs locaux et une livraison rapide.<\/p><\/li><\/ul><p data-path-to-node=\"9\">\u00a0<\/p>\t\t\t\t\t\t\t\t<\/div>\n\t\t\t\t\t<\/div>\n\t\t<\/div>\n\t\t\t\t<div class=\"elementor-column elementor-col-50 elementor-top-column elementor-element elementor-element-3a0a65af\" data-id=\"3a0a65af\" data-element_type=\"column\" data-e-type=\"column\">\n\t\t\t<div class=\"elementor-widget-wrap elementor-element-populated\">\n\t\t\t\t\t\t<div class=\"elementor-element elementor-element-66ba1133 elementor-widget__width-initial elementor-widget elementor-widget-image\" data-id=\"66ba1133\" data-element_type=\"widget\" data-e-type=\"widget\" data-widget_type=\"image.default\">\n\t\t\t\t\t\t\t\t\t\t\t\t\t\t\t<img fetchpriority=\"high\" decoding=\"async\" width=\"200\" height=\"300\" src=\"https:\/\/www.marche-sn.com\/auratemps\/wp-content\/uploads\/sites\/18\/2025\/12\/sportimgpng1-200x300.png\" class=\"attachment-medium size-medium wp-image-659\" alt=\"\" srcset=\"https:\/\/www.marche-sn.com\/auratemps\/wp-content\/uploads\/sites\/18\/2025\/12\/sportimgpng1-200x300.png 200w, https:\/\/www.marche-sn.com\/auratemps\/wp-content\/uploads\/sites\/18\/2025\/12\/sportimgpng1-300x450.png 300w, https:\/\/www.marche-sn.com\/auratemps\/wp-content\/uploads\/sites\/18\/2025\/12\/sportimgpng1.png 400w\" sizes=\"(max-width: 200px) 100vw, 200px\" \/>\t\t\t\t\t\t\t\t\t\t\t\t\t\t\t<\/div>\n\t\t\t\t\t<\/div>\n\t\t<\/div>\n\t\t\t\t\t<\/div>\n\t\t<\/section>\n\t\t\t\t<section class=\"elementor-section elementor-top-section elementor-element elementor-element-3beb7751 elementor-section-boxed elementor-section-height-default elementor-section-height-default\" data-id=\"3beb7751\" data-element_type=\"section\" data-e-type=\"section\">\n\t\t\t\t\t\t<div class=\"elementor-container elementor-column-gap-default\">\n\t\t\t\t\t<div class=\"elementor-column elementor-col-50 elementor-top-column elementor-element elementor-element-3a986a3e\" data-id=\"3a986a3e\" data-element_type=\"column\" data-e-type=\"column\" data-settings=\"{&quot;background_background&quot;:&quot;classic&quot;}\">\n\t\t\t<div class=\"elementor-widget-wrap\">\n\t\t\t\t\t\t\t<\/div>\n\t\t<\/div>\n\t\t\t\t<div class=\"elementor-column elementor-col-50 elementor-top-column elementor-element elementor-element-56aa3afa\" data-id=\"56aa3afa\" data-element_type=\"column\" data-e-type=\"column\" data-settings=\"{&quot;background_background&quot;:&quot;classic&quot;}\">\n\t\t\t<div class=\"elementor-widget-wrap elementor-element-populated\">\n\t\t\t\t\t\t<div class=\"elementor-element elementor-element-7e809dca elementor-widget elementor-widget-heading\" data-id=\"7e809dca\" data-element_type=\"widget\" data-e-type=\"widget\" data-widget_type=\"heading.default\">\n\t\t\t\t\t<h2 class=\"elementor-heading-title elementor-size-default\">Sofat Store<\/h2>\t\t\t\t<\/div>\n\t\t\t\t<div class=\"elementor-element elementor-element-21ccd803 elementor-widget elementor-widget-text-editor\" data-id=\"21ccd803\" data-element_type=\"widget\" data-e-type=\"widget\" data-widget_type=\"text-editor.default\">\n\t\t\t\t\t\t\t\t\t<h3 data-path-to-node=\"8\"><b data-path-to-node=\"8\" data-index-in-node=\"0\">Notre Engagement<\/b><\/h3><p data-path-to-node=\"9\">Nous ne nous contentons pas de vendre des produits ; nous cr\u00e9ons une exp\u00e9rience o\u00f9 chaque client se sent compris et privil\u00e9gi\u00e9. Chez Sofat Store, votre d\u00e9sir est notre priorit\u00e9 absolue.<\/p><p data-path-to-node=\"9\">\u00a0<\/p><p>\u00a0<\/p>\t\t\t\t\t\t\t\t<\/div>\n\t\t\t\t<div class=\"elementor-element elementor-element-7944725 elementor-shape-square e-grid-align-left e-grid-align-mobile-center elementor-grid-0 elementor-widget elementor-widget-social-icons\" data-id=\"7944725\" data-element_type=\"widget\" data-e-type=\"widget\" data-widget_type=\"social-icons.default\">\n\t\t\t\t\t\t\t<div class=\"elementor-social-icons-wrapper elementor-grid\" role=\"list\">\n\t\t\t\t\t\t\t<span class=\"elementor-grid-item\" role=\"listitem\">\n\t\t\t\t\t<a class=\"elementor-icon elementor-social-icon elementor-social-icon-facebook elementor-repeater-item-db3be90\" target=\"_blank\">\n\t\t\t\t\t\t<span class=\"elementor-screen-only\">Facebook<\/span>\n\t\t\t\t\t\t<svg aria-hidden=\"true\" class=\"e-font-icon-svg e-fab-facebook\" viewBox=\"0 0 512 512\" xmlns=\"http:\/\/www.w3.org\/2000\/svg\"><path d=\"M504 256C504 119 393 8 256 8S8 119 8 256c0 123.78 90.69 226.38 209.25 245V327.69h-63V256h63v-54.64c0-62.15 37-96.48 93.67-96.48 27.14 0 55.52 4.84 55.52 4.84v61h-31.28c-30.8 0-40.41 19.12-40.41 38.73V256h68.78l-11 71.69h-57.78V501C413.31 482.38 504 379.78 504 256z\"><\/path><\/svg>\t\t\t\t\t<\/a>\n\t\t\t\t<\/span>\n\t\t\t\t\t\t\t<span class=\"elementor-grid-item\" role=\"listitem\">\n\t\t\t\t\t<a class=\"elementor-icon elementor-social-icon elementor-social-icon-twitter elementor-repeater-item-8b90c3b\" target=\"_blank\">\n\t\t\t\t\t\t<span class=\"elementor-screen-only\">Twitter<\/span>\n\t\t\t\t\t\t<svg aria-hidden=\"true\" class=\"e-font-icon-svg e-fab-twitter\" viewBox=\"0 0 512 512\" xmlns=\"http:\/\/www.w3.org\/2000\/svg\"><path d=\"M459.37 151.716c.325 4.548.325 9.097.325 13.645 0 138.72-105.583 298.558-298.558 298.558-59.452 0-114.68-17.219-161.137-47.106 8.447.974 16.568 1.299 25.34 1.299 49.055 0 94.213-16.568 130.274-44.832-46.132-.975-84.792-31.188-98.112-72.772 6.498.974 12.995 1.624 19.818 1.624 9.421 0 18.843-1.3 27.614-3.573-48.081-9.747-84.143-51.98-84.143-102.985v-1.299c13.969 7.797 30.214 12.67 47.431 13.319-28.264-18.843-46.781-51.005-46.781-87.391 0-19.492 5.197-37.36 14.294-52.954 51.655 63.675 129.3 105.258 216.365 109.807-1.624-7.797-2.599-15.918-2.599-24.04 0-57.828 46.782-104.934 104.934-104.934 30.213 0 57.502 12.67 76.67 33.137 23.715-4.548 46.456-13.32 66.599-25.34-7.798 24.366-24.366 44.833-46.132 57.827 21.117-2.273 41.584-8.122 60.426-16.243-14.292 20.791-32.161 39.308-52.628 54.253z\"><\/path><\/svg>\t\t\t\t\t<\/a>\n\t\t\t\t<\/span>\n\t\t\t\t\t\t\t<span class=\"elementor-grid-item\" role=\"listitem\">\n\t\t\t\t\t<a class=\"elementor-icon elementor-social-icon elementor-social-icon-youtube elementor-repeater-item-3fca38d\" target=\"_blank\">\n\t\t\t\t\t\t<span class=\"elementor-screen-only\">Youtube<\/span>\n\t\t\t\t\t\t<svg aria-hidden=\"true\" class=\"e-font-icon-svg e-fab-youtube\" viewBox=\"0 0 576 512\" xmlns=\"http:\/\/www.w3.org\/2000\/svg\"><path d=\"M549.655 124.083c-6.281-23.65-24.787-42.276-48.284-48.597C458.781 64 288 64 288 64S117.22 64 74.629 75.486c-23.497 6.322-42.003 24.947-48.284 48.597-11.412 42.867-11.412 132.305-11.412 132.305s0 89.438 11.412 132.305c6.281 23.65 24.787 41.5 48.284 47.821C117.22 448 288 448 288 448s170.78 0 213.371-11.486c23.497-6.321 42.003-24.171 48.284-47.821 11.412-42.867 11.412-132.305 11.412-132.305s0-89.438-11.412-132.305zm-317.51 213.508V175.185l142.739 81.205-142.739 81.201z\"><\/path><\/svg>\t\t\t\t\t<\/a>\n\t\t\t\t<\/span>\n\t\t\t\t\t<\/div>\n\t\t\t\t\t\t<\/div>\n\t\t\t\t\t<\/div>\n\t\t<\/div>\n\t\t\t\t\t<\/div>\n\t\t<\/section>\n\t\t\t\t<section class=\"elementor-section elementor-top-section elementor-element elementor-element-4462e4d0 elementor-section-full_width elementor-hidden-phone elementor-section-height-default elementor-section-height-default\" data-id=\"4462e4d0\" data-element_type=\"section\" data-e-type=\"section\" data-settings=\"{&quot;background_background&quot;:&quot;classic&quot;}\">\n\t\t\t\t\t\t<div class=\"elementor-container elementor-column-gap-no\">\n\t\t\t\t\t<div class=\"elementor-column elementor-col-100 elementor-top-column elementor-element elementor-element-3367c859\" data-id=\"3367c859\" data-element_type=\"column\" data-e-type=\"column\" data-settings=\"{&quot;background_background&quot;:&quot;classic&quot;}\">\n\t\t\t<div class=\"elementor-widget-wrap elementor-element-populated\">\n\t\t\t\t\t\t<div class=\"elementor-element elementor-element-32ce130f elementor-widget elementor-widget-spacer\" data-id=\"32ce130f\" data-element_type=\"widget\" data-e-type=\"widget\" data-widget_type=\"spacer.default\">\n\t\t\t\t\t\t\t<div class=\"elementor-spacer\">\n\t\t\t<div class=\"elementor-spacer-inner\"><\/div>\n\t\t<\/div>\n\t\t\t\t\t\t<\/div>\n\t\t\t\t\t<\/div>\n\t\t<\/div>\n\t\t\t\t\t<\/div>\n\t\t<\/section>\n\t\t\t\t<\/div>\n\t\t","protected":false},"excerpt":{"rendered":"<p>A propos Sofat Store Boutique en ligne appartenant \u00e0 la plateforme e-commerce March\u00e9 SN\u00a0 Qui sommes nous? Sofat Store : L&#8217;\u00e9l\u00e9gance \u00e0 votre port\u00e9e Appartenant \u00e0 l&#8217;\u00e9cosyst\u00e8me March\u00e9 SN, Sofat Store est une boutique en ligne sp\u00e9cialis\u00e9e dans la s\u00e9lection d&#8217;articles de mode et d&#8217;accessoires&hellip;<\/p>\n","protected":false},"author":3,"featured_media":0,"parent":0,"menu_order":0,"comment_status":"closed","ping_status":"closed","template":"template-parts\/template-page-builders.php","meta":{"_acf_changed":false,"footnotes":""},"class_list":["post-53","page","type-page","status-publish","hentry"],"acf":[],"yoast_head":"<!-- This site is optimized with the Yoast SEO plugin v26.9 - https:\/\/yoast.com\/product\/yoast-seo-wordpress\/ -->\n<title>Aura &amp; Temps | Plus Proche de vos d\u00e9sirs!<\/title>\n<meta name=\"robots\" content=\"index, follow, max-snippet:-1, max-image-preview:large, max-video-preview:-1\" \/>\n<link rel=\"canonical\" href=\"https:\/\/www.marche-sn.com\/auratemps\/about-us\/\" \/>\n<meta property=\"og:locale\" content=\"fr_FR\" \/>\n<meta property=\"og:type\" content=\"article\" \/>\n<meta property=\"og:title\" content=\"Aura &amp; Temps | Plus Proche de vos d\u00e9sirs!\" \/>\n<meta property=\"og:description\" content=\"A propos Sofat Store Boutique en ligne appartenant \u00e0 la plateforme e-commerce March\u00e9 SN\u00a0 Qui sommes nous? Sofat Store : L&#8217;\u00e9l\u00e9gance \u00e0 votre port\u00e9e Appartenant \u00e0 l&#8217;\u00e9cosyst\u00e8me March\u00e9 SN, Sofat Store est une boutique en ligne sp\u00e9cialis\u00e9e dans la s\u00e9lection d&#8217;articles de mode et d&#8217;accessoires&hellip;\" \/>\n<meta property=\"og:url\" content=\"https:\/\/www.marche-sn.com\/auratemps\/about-us\/\" \/>\n<meta property=\"og:site_name\" content=\"Aura &amp; Temps\" \/>\n<meta property=\"article:modified_time\" content=\"2026-02-04T21:38:23+00:00\" \/>\n<meta property=\"og:image\" content=\"https:\/\/www.marche-sn.com\/auratemps\/wp-content\/uploads\/sites\/18\/2025\/12\/montreimg1.png\" \/>\n<meta name=\"twitter:card\" content=\"summary_large_image\" \/>\n<meta name=\"twitter:label1\" content=\"Dur\u00e9e de lecture estim\u00e9e\" \/>\n\t<meta name=\"twitter:data1\" content=\"1 minute\" \/>\n<script type=\"application\/ld+json\" class=\"yoast-schema-graph\">{\"@context\":\"https:\/\/schema.org\",\"@graph\":[{\"@type\":\"WebPage\",\"@id\":\"https:\/\/www.marche-sn.com\/auratemps\/about-us\/\",\"url\":\"https:\/\/www.marche-sn.com\/auratemps\/about-us\/\",\"name\":\"Aura & Temps | Plus Proche de vos d\u00e9sirs!\",\"isPartOf\":{\"@id\":\"https:\/\/www.marche-sn.com\/auratemps\/#website\"},\"primaryImageOfPage\":{\"@id\":\"https:\/\/www.marche-sn.com\/auratemps\/about-us\/#primaryimage\"},\"image\":{\"@id\":\"https:\/\/www.marche-sn.com\/auratemps\/about-us\/#primaryimage\"},\"thumbnailUrl\":\"https:\/\/www.marche-sn.com\/auratemps\/wp-content\/uploads\/sites\/18\/2025\/12\/montreimg1.png\",\"datePublished\":\"2019-04-18T11:16:34+00:00\",\"dateModified\":\"2026-02-04T21:38:23+00:00\",\"breadcrumb\":{\"@id\":\"https:\/\/www.marche-sn.com\/auratemps\/about-us\/#breadcrumb\"},\"inLanguage\":\"fr-FR\",\"potentialAction\":[{\"@type\":\"ReadAction\",\"target\":[\"https:\/\/www.marche-sn.com\/auratemps\/about-us\/\"]}]},{\"@type\":\"ImageObject\",\"inLanguage\":\"fr-FR\",\"@id\":\"https:\/\/www.marche-sn.com\/auratemps\/about-us\/#primaryimage\",\"url\":\"https:\/\/www.marche-sn.com\/auratemps\/wp-content\/uploads\/sites\/18\/2025\/12\/montreimg1.png\",\"contentUrl\":\"https:\/\/www.marche-sn.com\/auratemps\/wp-content\/uploads\/sites\/18\/2025\/12\/montreimg1.png\",\"width\":500,\"height\":800},{\"@type\":\"BreadcrumbList\",\"@id\":\"https:\/\/www.marche-sn.com\/auratemps\/about-us\/#breadcrumb\",\"itemListElement\":[{\"@type\":\"ListItem\",\"position\":1,\"name\":\"Accueil\",\"item\":\"https:\/\/www.marche-sn.com\/auratemps\/\"},{\"@type\":\"ListItem\",\"position\":2,\"name\":\"About Us\"}]},{\"@type\":\"WebSite\",\"@id\":\"https:\/\/www.marche-sn.com\/auratemps\/#website\",\"url\":\"https:\/\/www.marche-sn.com\/auratemps\/\",\"name\":\"Aura & Temps\",\"description\":\"Plus proche de vos d\u00e9sirs!\",\"publisher\":{\"@id\":\"https:\/\/www.marche-sn.com\/auratemps\/#organization\"},\"potentialAction\":[{\"@type\":\"SearchAction\",\"target\":{\"@type\":\"EntryPoint\",\"urlTemplate\":\"https:\/\/www.marche-sn.com\/auratemps\/?s={search_term_string}\"},\"query-input\":{\"@type\":\"PropertyValueSpecification\",\"valueRequired\":true,\"valueName\":\"search_term_string\"}}],\"inLanguage\":\"fr-FR\"},{\"@type\":\"Organization\",\"@id\":\"https:\/\/www.marche-sn.com\/auratemps\/#organization\",\"name\":\"Aura & Temps\",\"url\":\"https:\/\/www.marche-sn.com\/auratemps\/\",\"logo\":{\"@type\":\"ImageObject\",\"inLanguage\":\"fr-FR\",\"@id\":\"https:\/\/www.marche-sn.com\/auratemps\/#\/schema\/logo\/image\/\",\"url\":\"https:\/\/www.marche-sn.com\/auratemps\/wp-content\/uploads\/sites\/18\/2026\/02\/cropped-logo-sofat.fw_-1.png\",\"contentUrl\":\"https:\/\/www.marche-sn.com\/auratemps\/wp-content\/uploads\/sites\/18\/2026\/02\/cropped-logo-sofat.fw_-1.png\",\"width\":500,\"height\":150,\"caption\":\"Aura & Temps\"},\"image\":{\"@id\":\"https:\/\/www.marche-sn.com\/auratemps\/#\/schema\/logo\/image\/\"}}]}<\/script>\n<!-- \/ Yoast SEO plugin. -->","yoast_head_json":{"title":"Aura & Temps | Plus Proche de vos d\u00e9sirs!","robots":{"index":"index","follow":"follow","max-snippet":"max-snippet:-1","max-image-preview":"max-image-preview:large","max-video-preview":"max-video-preview:-1"},"canonical":"https:\/\/www.marche-sn.com\/auratemps\/about-us\/","og_locale":"fr_FR","og_type":"article","og_title":"Aura & Temps | Plus Proche de vos d\u00e9sirs!","og_description":"A propos Sofat Store Boutique en ligne appartenant \u00e0 la plateforme e-commerce March\u00e9 SN\u00a0 Qui sommes nous? Sofat Store : L&#8217;\u00e9l\u00e9gance \u00e0 votre port\u00e9e Appartenant \u00e0 l&#8217;\u00e9cosyst\u00e8me March\u00e9 SN, Sofat Store est une boutique en ligne sp\u00e9cialis\u00e9e dans la s\u00e9lection d&#8217;articles de mode et d&#8217;accessoires&hellip;","og_url":"https:\/\/www.marche-sn.com\/auratemps\/about-us\/","og_site_name":"Aura & Temps","article_modified_time":"2026-02-04T21:38:23+00:00","og_image":[{"url":"https:\/\/www.marche-sn.com\/auratemps\/wp-content\/uploads\/sites\/18\/2025\/12\/montreimg1.png","type":"","width":"","height":""}],"twitter_card":"summary_large_image","twitter_misc":{"Dur\u00e9e de lecture estim\u00e9e":"1 minute"},"schema":{"@context":"https:\/\/schema.org","@graph":[{"@type":"WebPage","@id":"https:\/\/www.marche-sn.com\/auratemps\/about-us\/","url":"https:\/\/www.marche-sn.com\/auratemps\/about-us\/","name":"Aura & Temps | Plus Proche de vos d\u00e9sirs!","isPartOf":{"@id":"https:\/\/www.marche-sn.com\/auratemps\/#website"},"primaryImageOfPage":{"@id":"https:\/\/www.marche-sn.com\/auratemps\/about-us\/#primaryimage"},"image":{"@id":"https:\/\/www.marche-sn.com\/auratemps\/about-us\/#primaryimage"},"thumbnailUrl":"https:\/\/www.marche-sn.com\/auratemps\/wp-content\/uploads\/sites\/18\/2025\/12\/montreimg1.png","datePublished":"2019-04-18T11:16:34+00:00","dateModified":"2026-02-04T21:38:23+00:00","breadcrumb":{"@id":"https:\/\/www.marche-sn.com\/auratemps\/about-us\/#breadcrumb"},"inLanguage":"fr-FR","potentialAction":[{"@type":"ReadAction","target":["https:\/\/www.marche-sn.com\/auratemps\/about-us\/"]}]},{"@type":"ImageObject","inLanguage":"fr-FR","@id":"https:\/\/www.marche-sn.com\/auratemps\/about-us\/#primaryimage","url":"https:\/\/www.marche-sn.com\/auratemps\/wp-content\/uploads\/sites\/18\/2025\/12\/montreimg1.png","contentUrl":"https:\/\/www.marche-sn.com\/auratemps\/wp-content\/uploads\/sites\/18\/2025\/12\/montreimg1.png","width":500,"height":800},{"@type":"BreadcrumbList","@id":"https:\/\/www.marche-sn.com\/auratemps\/about-us\/#breadcrumb","itemListElement":[{"@type":"ListItem","position":1,"name":"Accueil","item":"https:\/\/www.marche-sn.com\/auratemps\/"},{"@type":"ListItem","position":2,"name":"About Us"}]},{"@type":"WebSite","@id":"https:\/\/www.marche-sn.com\/auratemps\/#website","url":"https:\/\/www.marche-sn.com\/auratemps\/","name":"Aura & Temps","description":"Plus proche de vos d\u00e9sirs!","publisher":{"@id":"https:\/\/www.marche-sn.com\/auratemps\/#organization"},"potentialAction":[{"@type":"SearchAction","target":{"@type":"EntryPoint","urlTemplate":"https:\/\/www.marche-sn.com\/auratemps\/?s={search_term_string}"},"query-input":{"@type":"PropertyValueSpecification","valueRequired":true,"valueName":"search_term_string"}}],"inLanguage":"fr-FR"},{"@type":"Organization","@id":"https:\/\/www.marche-sn.com\/auratemps\/#organization","name":"Aura & Temps","url":"https:\/\/www.marche-sn.com\/auratemps\/","logo":{"@type":"ImageObject","inLanguage":"fr-FR","@id":"https:\/\/www.marche-sn.com\/auratemps\/#\/schema\/logo\/image\/","url":"https:\/\/www.marche-sn.com\/auratemps\/wp-content\/uploads\/sites\/18\/2026\/02\/cropped-logo-sofat.fw_-1.png","contentUrl":"https:\/\/www.marche-sn.com\/auratemps\/wp-content\/uploads\/sites\/18\/2026\/02\/cropped-logo-sofat.fw_-1.png","width":500,"height":150,"caption":"Aura & Temps"},"image":{"@id":"https:\/\/www.marche-sn.com\/auratemps\/#\/schema\/logo\/image\/"}}]}},"_links":{"self":[{"href":"https:\/\/www.marche-sn.com\/auratemps\/wp-json\/wp\/v2\/pages\/53","targetHints":{"allow":["GET"]}}],"collection":[{"href":"https:\/\/www.marche-sn.com\/auratemps\/wp-json\/wp\/v2\/pages"}],"about":[{"href":"https:\/\/www.marche-sn.com\/auratemps\/wp-json\/wp\/v2\/types\/page"}],"author":[{"embeddable":true,"href":"https:\/\/www.marche-sn.com\/auratemps\/wp-json\/wp\/v2\/users\/3"}],"replies":[{"embeddable":true,"href":"https:\/\/www.marche-sn.com\/auratemps\/wp-json\/wp\/v2\/comments?post=53"}],"version-history":[{"count":0,"href":"https:\/\/www.marche-sn.com\/auratemps\/wp-json\/wp\/v2\/pages\/53\/revisions"}],"wp:attachment":[{"href":"https:\/\/www.marche-sn.com\/auratemps\/wp-json\/wp\/v2\/media?parent=53"}],"curies":[{"name":"wp","href":"https:\/\/api.w.org\/{rel}","templated":true}]}}